{"id":862,"date":"2021-12-14T05:14:10","date_gmt":"2021-12-14T05:14:10","guid":{"rendered":"https:\/\/smthemebazar.com\/demo\/housale\/?page_id=862"},"modified":"2022-07-01T06:43:57","modified_gmt":"2022-07-01T06:43:57","slug":"servicio-de-conductores-expertos","status":"publish","type":"page","link":"https:\/\/luxewanderlust-marbella.com\/?page_id=862","title":{"rendered":"Nuestros Conductores"},"content":{"rendered":"\t\t<div data-elementor-type=\"wp-page\" data-elementor-id=\"862\" class=\"elementor elementor-862\">\n\t\t\t\t\t\t<section class=\"elementor-section elementor-top-section elementor-element elementor-element-4b03801 elementor-section-stretched elementor-section-boxed elementor-section-height-default elementor-section-height-default\" data-id=\"4b03801\" data-element_type=\"section\" data-settings=\"{&quot;stretch_section&quot;:&quot;section-stretched&quot;}\">\n\t\t\t\t\t\t\t<div class=\"elementor-background-overlay\"><\/div>\n\t\t\t\t\t\t\t<div class=\"elementor-container elementor-column-gap-default\">\n\t\t\t\t\t<div class=\"elementor-column elementor-col-50 elementor-top-column elementor-element elementor-element-5c250bf\" data-id=\"5c250bf\" data-element_type=\"column\">\n\t\t\t<div class=\"elementor-widget-wrap elementor-element-populated\">\n\t\t\t\t\t\t<div class=\"elementor-element elementor-element-b8c7655 elementor-widget elementor-widget-image\" data-id=\"b8c7655\" data-element_type=\"widget\" data-widget_type=\"image.default\">\n\t\t\t\t<div class=\"elementor-widget-container\">\n\t\t\t\t\t\t\t\t\t\t\t\t\t\t\t<img fetchpriority=\"high\" decoding=\"async\" width=\"1024\" height=\"653\" src=\"https:\/\/luxewanderlust-marbella.com\/wp-content\/uploads\/2022\/06\/WhatsApp-Image-2022-06-28-at-4.22.44-PM.jpeg\" class=\"attachment-full size-full wp-image-2966\" alt=\"Luxe Wanderlust Mercedes Transfers\" srcset=\"https:\/\/luxewanderlust-marbella.com\/wp-content\/uploads\/2022\/06\/WhatsApp-Image-2022-06-28-at-4.22.44-PM.jpeg 1024w, https:\/\/luxewanderlust-marbella.com\/wp-content\/uploads\/2022\/06\/WhatsApp-Image-2022-06-28-at-4.22.44-PM-300x191.jpeg 300w, https:\/\/luxewanderlust-marbella.com\/wp-content\/uploads\/2022\/06\/WhatsApp-Image-2022-06-28-at-4.22.44-PM-768x490.jpeg 768w\" sizes=\"(max-width: 1024px) 100vw, 1024px\" \/>\t\t\t\t\t\t\t\t\t\t\t\t\t\t\t<\/div>\n\t\t\t\t<\/div>\n\t\t\t\t\t<\/div>\n\t\t<\/div>\n\t\t\t\t<div class=\"elementor-column elementor-col-50 elementor-top-column elementor-element elementor-element-2314af8\" data-id=\"2314af8\" data-element_type=\"column\">\n\t\t\t<div class=\"elementor-widget-wrap elementor-element-populated\">\n\t\t\t\t\t\t<div class=\"elementor-element elementor-element-1032959 elementor-widget elementor-widget-heading\" data-id=\"1032959\" data-element_type=\"widget\" data-widget_type=\"heading.default\">\n\t\t\t\t<div class=\"elementor-widget-container\">\n\t\t\t\t\t<h1 class=\"elementor-heading-title elementor-size-default\">Nuestros conductores<\/h1>\t\t\t\t<\/div>\n\t\t\t\t<\/div>\n\t\t\t\t<div class=\"elementor-element elementor-element-072c7dd elementor-widget elementor-widget-text-editor\" data-id=\"072c7dd\" data-element_type=\"widget\" data-widget_type=\"text-editor.default\">\n\t\t\t\t<div class=\"elementor-widget-container\">\n\t\t\t\t\t\t\t\t\t<p><strong>Luxe Wanderlust<\/strong> cuenta con un amplio equipo de profesionales para ofrecer al cliente un seguimiento personalizado durante toda su estancia.<\/p><p>Con nuestro servicio de coches con ch\u00f3fer podr\u00e1 realizar sus viajes <strong>de manera c\u00f3moda y segura<\/strong>, olv\u00eddese de realizar planificaciones de ruta, le garantizamos la llegada a sus citas o eventos siempre de forma puntual.<\/p><p>Nuestros conductores estar\u00e1n en el lugar de recogida del servicio con antelaci\u00f3n suficiente a la hora fijada, para garantizar el traslado y aportar mayor tranquilidad al cliente.<\/p>\t\t\t\t\t\t\t\t<\/div>\n\t\t\t\t<\/div>\n\t\t\t\t\t<\/div>\n\t\t<\/div>\n\t\t\t\t\t<\/div>\n\t\t<\/section>\n\t\t\t\t<section class=\"elementor-section elementor-top-section elementor-element elementor-element-6da3df4 elementor-section-stretched elementor-section-boxed elementor-section-height-default elementor-section-height-default\" data-id=\"6da3df4\" data-element_type=\"section\" data-settings=\"{&quot;stretch_section&quot;:&quot;section-stretched&quot;,&quot;background_background&quot;:&quot;classic&quot;}\">\n\t\t\t\t\t\t<div class=\"elementor-container elementor-column-gap-default\">\n\t\t\t\t\t<div class=\"elementor-column elementor-col-100 elementor-top-column elementor-element elementor-element-612082f\" data-id=\"612082f\" data-element_type=\"column\">\n\t\t\t<div class=\"elementor-widget-wrap elementor-element-populated\">\n\t\t\t\t\t\t<section class=\"elementor-section elementor-inner-section elementor-element elementor-element-fd912e9 elementor-section-boxed elementor-section-height-default elementor-section-height-default\" data-id=\"fd912e9\" data-element_type=\"section\">\n\t\t\t\t\t\t<div class=\"elementor-container elementor-column-gap-default\">\n\t\t\t\t\t<div class=\"elementor-column elementor-col-50 elementor-inner-column elementor-element elementor-element-1173836\" data-id=\"1173836\" data-element_type=\"column\">\n\t\t\t<div class=\"elementor-widget-wrap elementor-element-populated\">\n\t\t\t\t\t\t<div class=\"elementor-element elementor-element-c350b2f elementor-widget elementor-widget-text-editor\" data-id=\"c350b2f\" data-element_type=\"widget\" data-widget_type=\"text-editor.default\">\n\t\t\t\t<div class=\"elementor-widget-container\">\n\t\t\t\t\t\t\t\t\t<p>Gracias a nuestro amplio conocimiento de la zona, disfrutar\u00e1 del trayecto, de las vistas y de las comodidades que le ofrecen nuestros veh\u00edculos de gama alta, con un servicio que le facilitar\u00e1 recomendaciones y sugerencias logrando con ello una visita m\u00e1s completa. Del mismo modo pondremos a su disposici\u00f3n informaci\u00f3n de inter\u00e9s tanto tur\u00edstico como cultural, zonas de ocio, gastron\u00f3micas, etc.<\/p><p>\u00a0<\/p><p>Dando m\u00e1xima importancia a su\u00a0<strong>privacidad y seguridad<\/strong>.<\/p>\t\t\t\t\t\t\t\t<\/div>\n\t\t\t\t<\/div>\n\t\t\t\t\t<\/div>\n\t\t<\/div>\n\t\t\t\t<div class=\"elementor-column elementor-col-50 elementor-inner-column elementor-element elementor-element-faab9a2\" data-id=\"faab9a2\" data-element_type=\"column\">\n\t\t\t<div class=\"elementor-widget-wrap elementor-element-populated\">\n\t\t\t\t\t\t<div class=\"elementor-element elementor-element-4a62a88 elementor-widget elementor-widget-image\" data-id=\"4a62a88\" data-element_type=\"widget\" data-widget_type=\"image.default\">\n\t\t\t\t<div class=\"elementor-widget-container\">\n\t\t\t\t\t\t\t\t\t\t\t\t\t\t\t<img decoding=\"async\" width=\"1024\" height=\"768\" src=\"https:\/\/luxewanderlust-marbella.com\/wp-content\/uploads\/2022\/06\/WhatsApp-Image-2022-06-28-at-4.25.54-PM.jpeg\" class=\"attachment-full size-full wp-image-2967\" alt=\"Luxe Wanderlust Mercedes Vehicles\" srcset=\"https:\/\/luxewanderlust-marbella.com\/wp-content\/uploads\/2022\/06\/WhatsApp-Image-2022-06-28-at-4.25.54-PM.jpeg 1024w, https:\/\/luxewanderlust-marbella.com\/wp-content\/uploads\/2022\/06\/WhatsApp-Image-2022-06-28-at-4.25.54-PM-300x225.jpeg 300w, https:\/\/luxewanderlust-marbella.com\/wp-content\/uploads\/2022\/06\/WhatsApp-Image-2022-06-28-at-4.25.54-PM-768x576.jpeg 768w\" sizes=\"(max-width: 1024px) 100vw, 1024px\" \/>\t\t\t\t\t\t\t\t\t\t\t\t\t\t\t<\/div>\n\t\t\t\t<\/div>\n\t\t\t\t\t<\/div>\n\t\t<\/div>\n\t\t\t\t\t<\/div>\n\t\t<\/section>\n\t\t\t\t\t<\/div>\n\t\t<\/div>\n\t\t\t\t\t<\/div>\n\t\t<\/section>\n\t\t\t\t<section class=\"elementor-section elementor-top-section elementor-element elementor-element-1c4d554c elementor-section-stretched elementor-section-boxed elementor-section-height-default elementor-section-height-default\" data-id=\"1c4d554c\" data-element_type=\"section\" data-settings=\"{&quot;stretch_section&quot;:&quot;section-stretched&quot;}\">\n\t\t\t\t\t\t\t<div class=\"elementor-background-overlay\"><\/div>\n\t\t\t\t\t\t\t<div class=\"elementor-container elementor-column-gap-default\">\n\t\t\t\t\t<div class=\"elementor-column elementor-col-50 elementor-top-column elementor-element elementor-element-28f9246b\" data-id=\"28f9246b\" data-element_type=\"column\">\n\t\t\t<div class=\"elementor-widget-wrap elementor-element-populated\">\n\t\t\t\t\t\t<div class=\"elementor-element elementor-element-3144626d elementor-widget elementor-widget-heading\" data-id=\"3144626d\" data-element_type=\"widget\" data-widget_type=\"heading.default\">\n\t\t\t\t<div class=\"elementor-widget-container\">\n\t\t\t\t\t<h3 class=\"elementor-heading-title elementor-size-small\">Solicite informaci\u00f3n <br>\nsin compromiso<\/h3>\t\t\t\t<\/div>\n\t\t\t\t<\/div>\n\t\t\t\t\t<\/div>\n\t\t<\/div>\n\t\t\t\t<div class=\"elementor-column elementor-col-50 elementor-top-column elementor-element elementor-element-12efe489\" data-id=\"12efe489\" data-element_type=\"column\">\n\t\t\t<div class=\"elementor-widget-wrap elementor-element-populated\">\n\t\t\t\t\t\t<div class=\"elementor-element elementor-element-7739ec21 elementor-align-center btn-theme-rounded elementor-widget elementor-widget-button\" data-id=\"7739ec21\" data-element_type=\"widget\" data-widget_type=\"button.default\">\n\t\t\t\t<div class=\"elementor-widget-container\">\n\t\t\t\t\t\t\t\t\t<div class=\"elementor-button-wrapper\">\n\t\t\t\t\t<a class=\"elementor-button elementor-button-link elementor-size-md\" href=\"https:\/\/luxewanderlust-marbella.com\/contacta-vehiculos-marbella\/\">\n\t\t\t\t\t\t<span class=\"elementor-button-content-wrapper\">\n\t\t\t\t\t\t\t\t\t<span class=\"elementor-button-text\">CONTACTA<\/span>\n\t\t\t\t\t<\/span>\n\t\t\t\t\t<\/a>\n\t\t\t\t<\/div>\n\t\t\t\t\t\t\t\t<\/div>\n\t\t\t\t<\/div>\n\t\t\t\t\t<\/div>\n\t\t<\/div>\n\t\t\t\t\t<\/div>\n\t\t<\/section>\n\t\t\t\t<\/div>\n\t\t","protected":false},"excerpt":{"rendered":"<p>Nuestros conductores Luxe Wanderlust cuenta con un amplio equipo de profesionales para ofrecer al cliente un seguimiento personalizado durante toda su estancia. Con nuestro servicio de coches con ch\u00f3fer podr\u00e1 realizar sus viajes de manera c\u00f3moda y segura, olv\u00eddese de realizar planificaciones de ruta, le garantizamos la llegada a sus citas o eventos siempre de [&hellip;]<\/p>\n","protected":false},"author":1,"featured_media":0,"parent":0,"menu_order":0,"comment_status":"closed","ping_status":"closed","template":"","meta":{"_monsterinsights_skip_tracking":false,"_monsterinsights_sitenote_active":false,"_monsterinsights_sitenote_note":"","_monsterinsights_sitenote_category":0,"footnotes":"","_links_to":"","_links_to_target":""},"class_list":["post-862","page","type-page","status-publish","hentry"],"yoast_head":"<!-- This site is optimized with the Yoast SEO plugin v27.4 - https:\/\/yoast.com\/product\/yoast-seo-wordpress\/ -->\n<title>Conductores expertos para transporte<\/title>\n<meta name=\"description\" content=\"Un amplio equipo de profesionales del servicio de transporte, para ofrecer al cliente un seguimiento personalizado durante toda su estancia\" \/>\n<meta name=\"robots\" content=\"index, follow, max-snippet:-1, max-image-preview:large, max-video-preview:-1\" \/>\n<link rel=\"canonical\" href=\"https:\/\/luxewanderlust-marbella.com\/?page_id=862\" \/>\n<meta property=\"og:locale\" content=\"es_ES\" \/>\n<meta property=\"og:type\" content=\"article\" \/>\n<meta property=\"og:title\" content=\"Conductores expertos para transporte\" \/>\n<meta property=\"og:description\" content=\"Un amplio equipo de profesionales del servicio de transporte, para ofrecer al cliente un seguimiento personalizado durante toda su estancia\" \/>\n<meta property=\"og:url\" content=\"https:\/\/luxewanderlust-marbella.com\/?page_id=862\" \/>\n<meta property=\"og:site_name\" content=\"Luxe Wanderlust\" \/>\n<meta property=\"article:modified_time\" content=\"2022-07-01T06:43:57+00:00\" \/>\n<meta property=\"og:image\" content=\"https:\/\/luxewanderlust-marbella.com\/wp-content\/uploads\/2022\/06\/WhatsApp-Image-2022-06-28-at-4.22.44-PM.jpeg\" \/>\n<meta name=\"twitter:card\" content=\"summary_large_image\" \/>\n<meta name=\"twitter:label1\" content=\"Tiempo de lectura\" \/>\n\t<meta name=\"twitter:data1\" content=\"2 minutos\" \/>\n<script type=\"application\/ld+json\" class=\"yoast-schema-graph\">{\"@context\":\"https:\\\/\\\/schema.org\",\"@graph\":[{\"@type\":\"WebPage\",\"@id\":\"https:\\\/\\\/luxewanderlust-marbella.com\\\/?page_id=862\",\"url\":\"https:\\\/\\\/luxewanderlust-marbella.com\\\/?page_id=862\",\"name\":\"Conductores expertos para transporte\",\"isPartOf\":{\"@id\":\"https:\\\/\\\/luxewanderlust-marbella.com\\\/#website\"},\"primaryImageOfPage\":{\"@id\":\"https:\\\/\\\/luxewanderlust-marbella.com\\\/?page_id=862#primaryimage\"},\"image\":{\"@id\":\"https:\\\/\\\/luxewanderlust-marbella.com\\\/?page_id=862#primaryimage\"},\"thumbnailUrl\":\"https:\\\/\\\/luxewanderlust-marbella.com\\\/wp-content\\\/uploads\\\/2022\\\/06\\\/WhatsApp-Image-2022-06-28-at-4.22.44-PM.jpeg\",\"datePublished\":\"2021-12-14T05:14:10+00:00\",\"dateModified\":\"2022-07-01T06:43:57+00:00\",\"description\":\"Un amplio equipo de profesionales del servicio de transporte, para ofrecer al cliente un seguimiento personalizado durante toda su estancia\",\"breadcrumb\":{\"@id\":\"https:\\\/\\\/luxewanderlust-marbella.com\\\/?page_id=862#breadcrumb\"},\"inLanguage\":\"es\",\"potentialAction\":[{\"@type\":\"ReadAction\",\"target\":[\"https:\\\/\\\/luxewanderlust-marbella.com\\\/?page_id=862\"]}]},{\"@type\":\"ImageObject\",\"inLanguage\":\"es\",\"@id\":\"https:\\\/\\\/luxewanderlust-marbella.com\\\/?page_id=862#primaryimage\",\"url\":\"https:\\\/\\\/luxewanderlust-marbella.com\\\/wp-content\\\/uploads\\\/2022\\\/06\\\/WhatsApp-Image-2022-06-28-at-4.22.44-PM.jpeg\",\"contentUrl\":\"https:\\\/\\\/luxewanderlust-marbella.com\\\/wp-content\\\/uploads\\\/2022\\\/06\\\/WhatsApp-Image-2022-06-28-at-4.22.44-PM.jpeg\",\"width\":1024,\"height\":653,\"caption\":\"Luxe Wanderlust Mercedes Transfers\"},{\"@type\":\"BreadcrumbList\",\"@id\":\"https:\\\/\\\/luxewanderlust-marbella.com\\\/?page_id=862#breadcrumb\",\"itemListElement\":[{\"@type\":\"ListItem\",\"position\":1,\"name\":\"Portada\",\"item\":\"https:\\\/\\\/luxewanderlust-marbella.com\\\/?page_id=14\"},{\"@type\":\"ListItem\",\"position\":2,\"name\":\"Nuestros Conductores\"}]},{\"@type\":\"WebSite\",\"@id\":\"https:\\\/\\\/luxewanderlust-marbella.com\\\/#website\",\"url\":\"https:\\\/\\\/luxewanderlust-marbella.com\\\/\",\"name\":\"Luxe Wanderlust\",\"description\":\"Marbella\",\"publisher\":{\"@id\":\"https:\\\/\\\/luxewanderlust-marbella.com\\\/#organization\"},\"potentialAction\":[{\"@type\":\"SearchAction\",\"target\":{\"@type\":\"EntryPoint\",\"urlTemplate\":\"https:\\\/\\\/luxewanderlust-marbella.com\\\/?s={search_term_string}\"},\"query-input\":{\"@type\":\"PropertyValueSpecification\",\"valueRequired\":true,\"valueName\":\"search_term_string\"}}],\"inLanguage\":\"es\"},{\"@type\":\"Organization\",\"@id\":\"https:\\\/\\\/luxewanderlust-marbella.com\\\/#organization\",\"name\":\"Luxe Wanderlust\",\"url\":\"https:\\\/\\\/luxewanderlust-marbella.com\\\/\",\"logo\":{\"@type\":\"ImageObject\",\"inLanguage\":\"es\",\"@id\":\"https:\\\/\\\/luxewanderlust-marbella.com\\\/#\\\/schema\\\/logo\\\/image\\\/\",\"url\":\"https:\\\/\\\/luxewanderlust-marbella.com\\\/wp-content\\\/uploads\\\/2022\\\/06\\\/luxe-wanderlust-con-blanco.jpg\",\"contentUrl\":\"https:\\\/\\\/luxewanderlust-marbella.com\\\/wp-content\\\/uploads\\\/2022\\\/06\\\/luxe-wanderlust-con-blanco.jpg\",\"width\":504,\"height\":504,\"caption\":\"Luxe Wanderlust\"},\"image\":{\"@id\":\"https:\\\/\\\/luxewanderlust-marbella.com\\\/#\\\/schema\\\/logo\\\/image\\\/\"}}]}<\/script>\n<!-- \/ Yoast SEO plugin. -->","yoast_head_json":{"title":"Conductores expertos para transporte","description":"Un amplio equipo de profesionales del servicio de transporte, para ofrecer al cliente un seguimiento personalizado durante toda su estancia","robots":{"index":"index","follow":"follow","max-snippet":"max-snippet:-1","max-image-preview":"max-image-preview:large","max-video-preview":"max-video-preview:-1"},"canonical":"https:\/\/luxewanderlust-marbella.com\/?page_id=862","og_locale":"es_ES","og_type":"article","og_title":"Conductores expertos para transporte","og_description":"Un amplio equipo de profesionales del servicio de transporte, para ofrecer al cliente un seguimiento personalizado durante toda su estancia","og_url":"https:\/\/luxewanderlust-marbella.com\/?page_id=862","og_site_name":"Luxe Wanderlust","article_modified_time":"2022-07-01T06:43:57+00:00","og_image":[{"url":"https:\/\/luxewanderlust-marbella.com\/wp-content\/uploads\/2022\/06\/WhatsApp-Image-2022-06-28-at-4.22.44-PM.jpeg","type":"","width":"","height":""}],"twitter_card":"summary_large_image","twitter_misc":{"Tiempo de lectura":"2 minutos"},"schema":{"@context":"https:\/\/schema.org","@graph":[{"@type":"WebPage","@id":"https:\/\/luxewanderlust-marbella.com\/?page_id=862","url":"https:\/\/luxewanderlust-marbella.com\/?page_id=862","name":"Conductores expertos para transporte","isPartOf":{"@id":"https:\/\/luxewanderlust-marbella.com\/#website"},"primaryImageOfPage":{"@id":"https:\/\/luxewanderlust-marbella.com\/?page_id=862#primaryimage"},"image":{"@id":"https:\/\/luxewanderlust-marbella.com\/?page_id=862#primaryimage"},"thumbnailUrl":"https:\/\/luxewanderlust-marbella.com\/wp-content\/uploads\/2022\/06\/WhatsApp-Image-2022-06-28-at-4.22.44-PM.jpeg","datePublished":"2021-12-14T05:14:10+00:00","dateModified":"2022-07-01T06:43:57+00:00","description":"Un amplio equipo de profesionales del servicio de transporte, para ofrecer al cliente un seguimiento personalizado durante toda su estancia","breadcrumb":{"@id":"https:\/\/luxewanderlust-marbella.com\/?page_id=862#breadcrumb"},"inLanguage":"es","potentialAction":[{"@type":"ReadAction","target":["https:\/\/luxewanderlust-marbella.com\/?page_id=862"]}]},{"@type":"ImageObject","inLanguage":"es","@id":"https:\/\/luxewanderlust-marbella.com\/?page_id=862#primaryimage","url":"https:\/\/luxewanderlust-marbella.com\/wp-content\/uploads\/2022\/06\/WhatsApp-Image-2022-06-28-at-4.22.44-PM.jpeg","contentUrl":"https:\/\/luxewanderlust-marbella.com\/wp-content\/uploads\/2022\/06\/WhatsApp-Image-2022-06-28-at-4.22.44-PM.jpeg","width":1024,"height":653,"caption":"Luxe Wanderlust Mercedes Transfers"},{"@type":"BreadcrumbList","@id":"https:\/\/luxewanderlust-marbella.com\/?page_id=862#breadcrumb","itemListElement":[{"@type":"ListItem","position":1,"name":"Portada","item":"https:\/\/luxewanderlust-marbella.com\/?page_id=14"},{"@type":"ListItem","position":2,"name":"Nuestros Conductores"}]},{"@type":"WebSite","@id":"https:\/\/luxewanderlust-marbella.com\/#website","url":"https:\/\/luxewanderlust-marbella.com\/","name":"Luxe Wanderlust","description":"Marbella","publisher":{"@id":"https:\/\/luxewanderlust-marbella.com\/#organization"},"potentialAction":[{"@type":"SearchAction","target":{"@type":"EntryPoint","urlTemplate":"https:\/\/luxewanderlust-marbella.com\/?s={search_term_string}"},"query-input":{"@type":"PropertyValueSpecification","valueRequired":true,"valueName":"search_term_string"}}],"inLanguage":"es"},{"@type":"Organization","@id":"https:\/\/luxewanderlust-marbella.com\/#organization","name":"Luxe Wanderlust","url":"https:\/\/luxewanderlust-marbella.com\/","logo":{"@type":"ImageObject","inLanguage":"es","@id":"https:\/\/luxewanderlust-marbella.com\/#\/schema\/logo\/image\/","url":"https:\/\/luxewanderlust-marbella.com\/wp-content\/uploads\/2022\/06\/luxe-wanderlust-con-blanco.jpg","contentUrl":"https:\/\/luxewanderlust-marbella.com\/wp-content\/uploads\/2022\/06\/luxe-wanderlust-con-blanco.jpg","width":504,"height":504,"caption":"Luxe Wanderlust"},"image":{"@id":"https:\/\/luxewanderlust-marbella.com\/#\/schema\/logo\/image\/"}}]}},"_links":{"self":[{"href":"https:\/\/luxewanderlust-marbella.com\/index.php?rest_route=\/wp\/v2\/pages\/862","targetHints":{"allow":["GET"]}}],"collection":[{"href":"https:\/\/luxewanderlust-marbella.com\/index.php?rest_route=\/wp\/v2\/pages"}],"about":[{"href":"https:\/\/luxewanderlust-marbella.com\/index.php?rest_route=\/wp\/v2\/types\/page"}],"author":[{"embeddable":true,"href":"https:\/\/luxewanderlust-marbella.com\/index.php?rest_route=\/wp\/v2\/users\/1"}],"replies":[{"embeddable":true,"href":"https:\/\/luxewanderlust-marbella.com\/index.php?rest_route=%2Fwp%2Fv2%2Fcomments&post=862"}],"version-history":[{"count":74,"href":"https:\/\/luxewanderlust-marbella.com\/index.php?rest_route=\/wp\/v2\/pages\/862\/revisions"}],"predecessor-version":[{"id":3211,"href":"https:\/\/luxewanderlust-marbella.com\/index.php?rest_route=\/wp\/v2\/pages\/862\/revisions\/3211"}],"wp:attachment":[{"href":"https:\/\/luxewanderlust-marbella.com\/index.php?rest_route=%2Fwp%2Fv2%2Fmedia&parent=862"}],"curies":[{"name":"wp","href":"https:\/\/api.w.org\/{rel}","templated":true}]}}