{"id":2293,"date":"2022-03-21T19:30:01","date_gmt":"2022-03-21T19:30:01","guid":{"rendered":"https:\/\/luxewanderlust-marbella.com\/?page_id=2293"},"modified":"2022-06-29T06:39:23","modified_gmt":"2022-06-29T06:39:23","slug":"politica-privacidad","status":"publish","type":"page","link":"https:\/\/luxewanderlust-marbella.com\/?page_id=2293","title":{"rendered":"Pol\u00edtica de privacidad"},"content":{"rendered":"\t\t<div data-elementor-type=\"wp-page\" data-elementor-id=\"2293\" class=\"elementor elementor-2293\">\n\t\t\t\t\t\t<section class=\"elementor-section elementor-top-section elementor-element elementor-element-4b03801 elementor-section-stretched elementor-section-boxed elementor-section-height-default elementor-section-height-default\" data-id=\"4b03801\" data-element_type=\"section\" data-settings=\"{&quot;stretch_section&quot;:&quot;section-stretched&quot;}\">\n\t\t\t\t\t\t\t<div class=\"elementor-background-overlay\"><\/div>\n\t\t\t\t\t\t\t<div class=\"elementor-container elementor-column-gap-default\">\n\t\t\t\t\t<div class=\"elementor-column elementor-col-50 elementor-top-column elementor-element elementor-element-5c250bf\" data-id=\"5c250bf\" data-element_type=\"column\">\n\t\t\t<div class=\"elementor-widget-wrap elementor-element-populated\">\n\t\t\t\t\t\t<div class=\"elementor-element elementor-element-b8c7655 elementor-widget elementor-widget-image\" data-id=\"b8c7655\" data-element_type=\"widget\" data-widget_type=\"image.default\">\n\t\t\t\t<div class=\"elementor-widget-container\">\n\t\t\t\t\t\t\t\t\t\t\t\t\t\t\t<img fetchpriority=\"high\" decoding=\"async\" width=\"512\" height=\"512\" src=\"https:\/\/luxewanderlust-marbella.com\/wp-content\/uploads\/2022\/03\/cropped-luxe-wanderlust-1.png\" class=\"attachment-full size-full wp-image-2107\" alt=\"\" srcset=\"https:\/\/luxewanderlust-marbella.com\/wp-content\/uploads\/2022\/03\/cropped-luxe-wanderlust-1.png 512w, https:\/\/luxewanderlust-marbella.com\/wp-content\/uploads\/2022\/03\/cropped-luxe-wanderlust-1-300x300.png 300w, https:\/\/luxewanderlust-marbella.com\/wp-content\/uploads\/2022\/03\/cropped-luxe-wanderlust-1-150x150.png 150w, https:\/\/luxewanderlust-marbella.com\/wp-content\/uploads\/2022\/03\/cropped-luxe-wanderlust-1-96x96.png 96w, https:\/\/luxewanderlust-marbella.com\/wp-content\/uploads\/2022\/03\/cropped-luxe-wanderlust-1-270x270.png 270w, https:\/\/luxewanderlust-marbella.com\/wp-content\/uploads\/2022\/03\/cropped-luxe-wanderlust-1-192x192.png 192w, https:\/\/luxewanderlust-marbella.com\/wp-content\/uploads\/2022\/03\/cropped-luxe-wanderlust-1-180x180.png 180w, https:\/\/luxewanderlust-marbella.com\/wp-content\/uploads\/2022\/03\/cropped-luxe-wanderlust-1-32x32.png 32w\" sizes=\"(max-width: 512px) 100vw, 512px\" \/>\t\t\t\t\t\t\t\t\t\t\t\t\t\t\t<\/div>\n\t\t\t\t<\/div>\n\t\t\t\t\t<\/div>\n\t\t<\/div>\n\t\t\t\t<div class=\"elementor-column elementor-col-50 elementor-top-column elementor-element elementor-element-2314af8\" data-id=\"2314af8\" data-element_type=\"column\">\n\t\t\t<div class=\"elementor-widget-wrap elementor-element-populated\">\n\t\t\t\t\t\t<div class=\"elementor-element elementor-element-1032959 elementor-widget elementor-widget-heading\" data-id=\"1032959\" data-element_type=\"widget\" data-widget_type=\"heading.default\">\n\t\t\t\t<div class=\"elementor-widget-container\">\n\t\t\t\t\t<h1 class=\"elementor-heading-title elementor-size-default\">Pol\u00edtica de Privacidad<\/h1>\t\t\t\t<\/div>\n\t\t\t\t<\/div>\n\t\t\t\t<div class=\"elementor-element elementor-element-072c7dd elementor-widget elementor-widget-text-editor\" data-id=\"072c7dd\" data-element_type=\"widget\" data-widget_type=\"text-editor.default\">\n\t\t\t\t<div class=\"elementor-widget-container\">\n\t\t\t\t\t\t\t\t\t<ul><li><strong><u>INFORMACION AL USUARIO<\/u><\/strong><\/li><\/ul><p>Luxe Wanderlust informa a los usuarios del sitio web sobre su pol\u00edtica respecto del tratamiento y protecci\u00f3n de los datos de car\u00e1cter personal de los usuarios y clientes que puedan ser recabados por la navegaci\u00f3n o contrataci\u00f3n de servicios a trav\u00e9s de su sitio web.<\/p><p>Luxe Wanderlust es el responsable del tratamiento de los datos personales del usuario y le informa que estos datos ser\u00e1n tratados de conformidad con lo dispuesto en la normativa vigente en materia de protecci\u00f3n de datos personales y a la libre circulaci\u00f3n de \u00e9stos.<\/p><p>Las operaciones previstas para realizar el tratamiento son:<\/p><ul><li>Remisi\u00f3n de comunicaciones comerciales publicitarias por email, fax, SMS, MMS, redes sociales o cualquier otro medio electr\u00f3nico o f\u00edsico, presente o futuro, que posibilite realizar comunicaciones comerciales. Estas comunicaciones ser\u00e1n realizadas por Luxe Wanderlust y relacionadas con sus productos y servicios.<\/li><li>Tramitar encargos, solicitudes o cualquier tipo de petici\u00f3n que sea realizada por el usuario a trav\u00e9s de cualquiera de las formas de contacto que se ponen a su disposici\u00f3n.<\/li><\/ul><p><strong>Criterios de conservaci\u00f3n de los datos<\/strong>: se conservar\u00e1n mientras exista un inter\u00e9s mutuo para mantener el fin de tratamiento. Finalizado ese tiempo, se suprimir\u00e1n con medidas de seguridad adecuadas para garantizar la destrucci\u00f3n total de los mismos.<\/p><p><strong>Comunicaci\u00f3n de los datos<\/strong>: no se comunicar\u00e1n los datos a ning\u00fan destinatario, salvo por obligaci\u00f3n legal.<\/p><p><strong>Derechos que asisten al Usuario<\/strong>:<\/p><ul><li>Derecho a retirar el consentimiento en cualquier momento.<\/li><li>Derecho de acceso, rectificaci\u00f3n y supresi\u00f3n de sus datos y a la limitaci\u00f3n de su tratamiento.<\/li><\/ul><p>Datos de contacto para ejercer sus derechos:<\/p><ul><li>Direcci\u00f3n postal: Luxe Wanderlust, Urbanizaci\u00f3n el Campanario Hills, Bloque 2, P8, 29688, Estepona, M\u00e1laga, Spain<\/li><li>Direcci\u00f3n electr\u00f3nica: <a href=\"mailto:info@luxewanderlust-marbella.com\">info@luxewanderlust-marbella.com<\/a><\/li><\/ul><p>\u00a0<\/p><ul><li><strong><u>CAR\u00c1CTER OBLIGATORIO DE LA INFORMACION FACILITADA POR EL USUARIO<\/u><\/strong><\/li><\/ul><p>Los usuarios, mediante la marcaci\u00f3n de las casillas correspondientes y entrada de datos en el formulario de contacto, aceptan expresamente y de forma libre que sus datos son necesarios para atender su petici\u00f3n por parte del prestador.<\/p><p>El usuario garantiza que los datos personales facilitados al prestador son veraces y se hace responsable de comunicar cualquier modificaci\u00f3n de los mismos.<\/p><p>El prestador informa y garantiza expresamente a los usuarios que sus datos personales no ser\u00e1n cedidos en ning\u00fan caso a terceros.<\/p><ul><li><strong><u>MEDIDAS DE SEGURIDAD<\/u><\/strong><\/li><\/ul><p>Que, de conformidad con lo dispuesto en las normativas vigentes en materia de protecci\u00f3n de datos personales, el prestador est\u00e1 cumpliendo con todas las disposiciones de la normativa para el tratamiento de los datos, tratando los mismo de manera l\u00edcita, leal y transparente en relaci\u00f3n con el interesado.<\/p>\t\t\t\t\t\t\t\t<\/div>\n\t\t\t\t<\/div>\n\t\t\t\t\t<\/div>\n\t\t<\/div>\n\t\t\t\t\t<\/div>\n\t\t<\/section>\n\t\t\t\t<section class=\"elementor-section elementor-top-section elementor-element elementor-element-9e00bcb elementor-section-boxed elementor-section-height-default elementor-section-height-default\" data-id=\"9e00bcb\" data-element_type=\"section\">\n\t\t\t\t\t\t<div class=\"elementor-container elementor-column-gap-default\">\n\t\t\t\t\t<div class=\"elementor-column elementor-col-100 elementor-top-column elementor-element elementor-element-d1dd8c7\" data-id=\"d1dd8c7\" data-element_type=\"column\">\n\t\t\t<div class=\"elementor-widget-wrap\">\n\t\t\t\t\t\t\t<\/div>\n\t\t<\/div>\n\t\t\t\t\t<\/div>\n\t\t<\/section>\n\t\t\t\t<\/div>\n\t\t","protected":false},"excerpt":{"rendered":"<p>Pol\u00edtica de Privacidad INFORMACION AL USUARIO Luxe Wanderlust informa a los usuarios del sitio web sobre su pol\u00edtica respecto del tratamiento y protecci\u00f3n de los datos de car\u00e1cter personal de los usuarios y clientes que puedan ser recabados por la navegaci\u00f3n o contrataci\u00f3n de servicios a trav\u00e9s de su sitio web. Luxe Wanderlust es el [&hellip;]<\/p>\n","protected":false},"author":1,"featured_media":0,"parent":0,"menu_order":0,"comment_status":"closed","ping_status":"closed","template":"elementor_theme","meta":{"_monsterinsights_skip_tracking":false,"_monsterinsights_sitenote_active":false,"_monsterinsights_sitenote_note":"","_monsterinsights_sitenote_category":0,"footnotes":"","_links_to":"","_links_to_target":""},"class_list":["post-2293","page","type-page","status-publish","hentry"],"yoast_head":"<!-- This site is optimized with the Yoast SEO plugin v27.4 - https:\/\/yoast.com\/product\/yoast-seo-wordpress\/ -->\n<title>Pol\u00edtica privacidad Servicios Luxe Wanderlust<\/title>\n<meta name=\"description\" content=\"Pol\u00edtica privacidad de los Servicios Luxe Wanderlust, para Costa del Sol, y traslados al aeropuerto de M\u00e1laga\" \/>\n<meta name=\"robots\" content=\"index, follow, max-snippet:-1, max-image-preview:large, max-video-preview:-1\" \/>\n<link rel=\"canonical\" href=\"https:\/\/luxewanderlust-marbella.com\/?page_id=2293\" \/>\n<meta property=\"og:locale\" content=\"es_ES\" \/>\n<meta property=\"og:type\" content=\"article\" \/>\n<meta property=\"og:title\" content=\"Pol\u00edtica privacidad Servicios Luxe Wanderlust\" \/>\n<meta property=\"og:description\" content=\"Pol\u00edtica privacidad de los Servicios Luxe Wanderlust, para Costa del Sol, y traslados al aeropuerto de M\u00e1laga\" \/>\n<meta property=\"og:url\" content=\"https:\/\/luxewanderlust-marbella.com\/?page_id=2293\" \/>\n<meta property=\"og:site_name\" content=\"Luxe Wanderlust\" \/>\n<meta property=\"article:modified_time\" content=\"2022-06-29T06:39:23+00:00\" \/>\n<meta property=\"og:image\" content=\"https:\/\/luxewanderlust-marbella.com\/wp-content\/uploads\/2022\/03\/cropped-luxe-wanderlust-1.png\" \/>\n<meta name=\"twitter:card\" content=\"summary_large_image\" \/>\n<meta name=\"twitter:label1\" content=\"Tiempo de lectura\" \/>\n\t<meta name=\"twitter:data1\" content=\"3 minutos\" \/>\n<script type=\"application\/ld+json\" class=\"yoast-schema-graph\">{\"@context\":\"https:\\\/\\\/schema.org\",\"@graph\":[{\"@type\":\"WebPage\",\"@id\":\"https:\\\/\\\/luxewanderlust-marbella.com\\\/?page_id=2293\",\"url\":\"https:\\\/\\\/luxewanderlust-marbella.com\\\/?page_id=2293\",\"name\":\"Pol\u00edtica privacidad Servicios Luxe Wanderlust\",\"isPartOf\":{\"@id\":\"https:\\\/\\\/luxewanderlust-marbella.com\\\/#website\"},\"primaryImageOfPage\":{\"@id\":\"https:\\\/\\\/luxewanderlust-marbella.com\\\/?page_id=2293#primaryimage\"},\"image\":{\"@id\":\"https:\\\/\\\/luxewanderlust-marbella.com\\\/?page_id=2293#primaryimage\"},\"thumbnailUrl\":\"https:\\\/\\\/luxewanderlust-marbella.com\\\/wp-content\\\/uploads\\\/2022\\\/03\\\/cropped-luxe-wanderlust-1.png\",\"datePublished\":\"2022-03-21T19:30:01+00:00\",\"dateModified\":\"2022-06-29T06:39:23+00:00\",\"description\":\"Pol\u00edtica privacidad de los Servicios Luxe Wanderlust, para Costa del Sol, y traslados al aeropuerto de M\u00e1laga\",\"breadcrumb\":{\"@id\":\"https:\\\/\\\/luxewanderlust-marbella.com\\\/?page_id=2293#breadcrumb\"},\"inLanguage\":\"es\",\"potentialAction\":[{\"@type\":\"ReadAction\",\"target\":[\"https:\\\/\\\/luxewanderlust-marbella.com\\\/?page_id=2293\"]}]},{\"@type\":\"ImageObject\",\"inLanguage\":\"es\",\"@id\":\"https:\\\/\\\/luxewanderlust-marbella.com\\\/?page_id=2293#primaryimage\",\"url\":\"https:\\\/\\\/luxewanderlust-marbella.com\\\/wp-content\\\/uploads\\\/2022\\\/03\\\/cropped-luxe-wanderlust-1.png\",\"contentUrl\":\"https:\\\/\\\/luxewanderlust-marbella.com\\\/wp-content\\\/uploads\\\/2022\\\/03\\\/cropped-luxe-wanderlust-1.png\",\"width\":512,\"height\":512},{\"@type\":\"BreadcrumbList\",\"@id\":\"https:\\\/\\\/luxewanderlust-marbella.com\\\/?page_id=2293#breadcrumb\",\"itemListElement\":[{\"@type\":\"ListItem\",\"position\":1,\"name\":\"Portada\",\"item\":\"https:\\\/\\\/luxewanderlust-marbella.com\\\/?page_id=14\"},{\"@type\":\"ListItem\",\"position\":2,\"name\":\"Pol\u00edtica de privacidad\"}]},{\"@type\":\"WebSite\",\"@id\":\"https:\\\/\\\/luxewanderlust-marbella.com\\\/#website\",\"url\":\"https:\\\/\\\/luxewanderlust-marbella.com\\\/\",\"name\":\"Luxe Wanderlust\",\"description\":\"Marbella\",\"publisher\":{\"@id\":\"https:\\\/\\\/luxewanderlust-marbella.com\\\/#organization\"},\"potentialAction\":[{\"@type\":\"SearchAction\",\"target\":{\"@type\":\"EntryPoint\",\"urlTemplate\":\"https:\\\/\\\/luxewanderlust-marbella.com\\\/?s={search_term_string}\"},\"query-input\":{\"@type\":\"PropertyValueSpecification\",\"valueRequired\":true,\"valueName\":\"search_term_string\"}}],\"inLanguage\":\"es\"},{\"@type\":\"Organization\",\"@id\":\"https:\\\/\\\/luxewanderlust-marbella.com\\\/#organization\",\"name\":\"Luxe Wanderlust\",\"url\":\"https:\\\/\\\/luxewanderlust-marbella.com\\\/\",\"logo\":{\"@type\":\"ImageObject\",\"inLanguage\":\"es\",\"@id\":\"https:\\\/\\\/luxewanderlust-marbella.com\\\/#\\\/schema\\\/logo\\\/image\\\/\",\"url\":\"https:\\\/\\\/luxewanderlust-marbella.com\\\/wp-content\\\/uploads\\\/2022\\\/06\\\/luxe-wanderlust-con-blanco.jpg\",\"contentUrl\":\"https:\\\/\\\/luxewanderlust-marbella.com\\\/wp-content\\\/uploads\\\/2022\\\/06\\\/luxe-wanderlust-con-blanco.jpg\",\"width\":504,\"height\":504,\"caption\":\"Luxe Wanderlust\"},\"image\":{\"@id\":\"https:\\\/\\\/luxewanderlust-marbella.com\\\/#\\\/schema\\\/logo\\\/image\\\/\"}}]}<\/script>\n<!-- \/ Yoast SEO plugin. -->","yoast_head_json":{"title":"Pol\u00edtica privacidad Servicios Luxe Wanderlust","description":"Pol\u00edtica privacidad de los Servicios Luxe Wanderlust, para Costa del Sol, y traslados al aeropuerto de M\u00e1laga","robots":{"index":"index","follow":"follow","max-snippet":"max-snippet:-1","max-image-preview":"max-image-preview:large","max-video-preview":"max-video-preview:-1"},"canonical":"https:\/\/luxewanderlust-marbella.com\/?page_id=2293","og_locale":"es_ES","og_type":"article","og_title":"Pol\u00edtica privacidad Servicios Luxe Wanderlust","og_description":"Pol\u00edtica privacidad de los Servicios Luxe Wanderlust, para Costa del Sol, y traslados al aeropuerto de M\u00e1laga","og_url":"https:\/\/luxewanderlust-marbella.com\/?page_id=2293","og_site_name":"Luxe Wanderlust","article_modified_time":"2022-06-29T06:39:23+00:00","og_image":[{"url":"https:\/\/luxewanderlust-marbella.com\/wp-content\/uploads\/2022\/03\/cropped-luxe-wanderlust-1.png","type":"","width":"","height":""}],"twitter_card":"summary_large_image","twitter_misc":{"Tiempo de lectura":"3 minutos"},"schema":{"@context":"https:\/\/schema.org","@graph":[{"@type":"WebPage","@id":"https:\/\/luxewanderlust-marbella.com\/?page_id=2293","url":"https:\/\/luxewanderlust-marbella.com\/?page_id=2293","name":"Pol\u00edtica privacidad Servicios Luxe Wanderlust","isPartOf":{"@id":"https:\/\/luxewanderlust-marbella.com\/#website"},"primaryImageOfPage":{"@id":"https:\/\/luxewanderlust-marbella.com\/?page_id=2293#primaryimage"},"image":{"@id":"https:\/\/luxewanderlust-marbella.com\/?page_id=2293#primaryimage"},"thumbnailUrl":"https:\/\/luxewanderlust-marbella.com\/wp-content\/uploads\/2022\/03\/cropped-luxe-wanderlust-1.png","datePublished":"2022-03-21T19:30:01+00:00","dateModified":"2022-06-29T06:39:23+00:00","description":"Pol\u00edtica privacidad de los Servicios Luxe Wanderlust, para Costa del Sol, y traslados al aeropuerto de M\u00e1laga","breadcrumb":{"@id":"https:\/\/luxewanderlust-marbella.com\/?page_id=2293#breadcrumb"},"inLanguage":"es","potentialAction":[{"@type":"ReadAction","target":["https:\/\/luxewanderlust-marbella.com\/?page_id=2293"]}]},{"@type":"ImageObject","inLanguage":"es","@id":"https:\/\/luxewanderlust-marbella.com\/?page_id=2293#primaryimage","url":"https:\/\/luxewanderlust-marbella.com\/wp-content\/uploads\/2022\/03\/cropped-luxe-wanderlust-1.png","contentUrl":"https:\/\/luxewanderlust-marbella.com\/wp-content\/uploads\/2022\/03\/cropped-luxe-wanderlust-1.png","width":512,"height":512},{"@type":"BreadcrumbList","@id":"https:\/\/luxewanderlust-marbella.com\/?page_id=2293#breadcrumb","itemListElement":[{"@type":"ListItem","position":1,"name":"Portada","item":"https:\/\/luxewanderlust-marbella.com\/?page_id=14"},{"@type":"ListItem","position":2,"name":"Pol\u00edtica de privacidad"}]},{"@type":"WebSite","@id":"https:\/\/luxewanderlust-marbella.com\/#website","url":"https:\/\/luxewanderlust-marbella.com\/","name":"Luxe Wanderlust","description":"Marbella","publisher":{"@id":"https:\/\/luxewanderlust-marbella.com\/#organization"},"potentialAction":[{"@type":"SearchAction","target":{"@type":"EntryPoint","urlTemplate":"https:\/\/luxewanderlust-marbella.com\/?s={search_term_string}"},"query-input":{"@type":"PropertyValueSpecification","valueRequired":true,"valueName":"search_term_string"}}],"inLanguage":"es"},{"@type":"Organization","@id":"https:\/\/luxewanderlust-marbella.com\/#organization","name":"Luxe Wanderlust","url":"https:\/\/luxewanderlust-marbella.com\/","logo":{"@type":"ImageObject","inLanguage":"es","@id":"https:\/\/luxewanderlust-marbella.com\/#\/schema\/logo\/image\/","url":"https:\/\/luxewanderlust-marbella.com\/wp-content\/uploads\/2022\/06\/luxe-wanderlust-con-blanco.jpg","contentUrl":"https:\/\/luxewanderlust-marbella.com\/wp-content\/uploads\/2022\/06\/luxe-wanderlust-con-blanco.jpg","width":504,"height":504,"caption":"Luxe Wanderlust"},"image":{"@id":"https:\/\/luxewanderlust-marbella.com\/#\/schema\/logo\/image\/"}}]}},"_links":{"self":[{"href":"https:\/\/luxewanderlust-marbella.com\/index.php?rest_route=\/wp\/v2\/pages\/2293","targetHints":{"allow":["GET"]}}],"collection":[{"href":"https:\/\/luxewanderlust-marbella.com\/index.php?rest_route=\/wp\/v2\/pages"}],"about":[{"href":"https:\/\/luxewanderlust-marbella.com\/index.php?rest_route=\/wp\/v2\/types\/page"}],"author":[{"embeddable":true,"href":"https:\/\/luxewanderlust-marbella.com\/index.php?rest_route=\/wp\/v2\/users\/1"}],"replies":[{"embeddable":true,"href":"https:\/\/luxewanderlust-marbella.com\/index.php?rest_route=%2Fwp%2Fv2%2Fcomments&post=2293"}],"version-history":[{"count":12,"href":"https:\/\/luxewanderlust-marbella.com\/index.php?rest_route=\/wp\/v2\/pages\/2293\/revisions"}],"predecessor-version":[{"id":3058,"href":"https:\/\/luxewanderlust-marbella.com\/index.php?rest_route=\/wp\/v2\/pages\/2293\/revisions\/3058"}],"wp:attachment":[{"href":"https:\/\/luxewanderlust-marbella.com\/index.php?rest_route=%2Fwp%2Fv2%2Fmedia&parent=2293"}],"curies":[{"name":"wp","href":"https:\/\/api.w.org\/{rel}","templated":true}]}}