{"id":2287,"date":"2022-03-21T19:27:32","date_gmt":"2022-03-21T19:27:32","guid":{"rendered":"https:\/\/luxewanderlust-marbella.com\/?page_id=2287"},"modified":"2022-06-29T06:30:50","modified_gmt":"2022-06-29T06:30:50","slug":"condiciones-alquiler","status":"publish","type":"page","link":"https:\/\/luxewanderlust-marbella.com\/?page_id=2287","title":{"rendered":"Condiciones alquiler"},"content":{"rendered":"\t\t<div data-elementor-type=\"wp-page\" data-elementor-id=\"2287\" class=\"elementor elementor-2287\">\n\t\t\t\t\t\t<section class=\"elementor-section elementor-top-section elementor-element elementor-element-4b03801 elementor-section-stretched elementor-section-boxed elementor-section-height-default elementor-section-height-default\" data-id=\"4b03801\" data-element_type=\"section\" data-settings=\"{&quot;stretch_section&quot;:&quot;section-stretched&quot;}\">\n\t\t\t\t\t\t\t<div class=\"elementor-background-overlay\"><\/div>\n\t\t\t\t\t\t\t<div class=\"elementor-container elementor-column-gap-default\">\n\t\t\t\t\t<div class=\"elementor-column elementor-col-50 elementor-top-column elementor-element elementor-element-5c250bf\" data-id=\"5c250bf\" data-element_type=\"column\">\n\t\t\t<div class=\"elementor-widget-wrap elementor-element-populated\">\n\t\t\t\t\t\t<div class=\"elementor-element elementor-element-b8c7655 elementor-widget elementor-widget-image\" data-id=\"b8c7655\" data-element_type=\"widget\" data-widget_type=\"image.default\">\n\t\t\t\t<div class=\"elementor-widget-container\">\n\t\t\t\t\t\t\t\t\t\t\t\t\t\t\t<img fetchpriority=\"high\" decoding=\"async\" width=\"512\" height=\"512\" src=\"https:\/\/luxewanderlust-marbella.com\/wp-content\/uploads\/2022\/03\/cropped-luxe-wanderlust-1.png\" class=\"attachment-full size-full wp-image-2107\" alt=\"\" srcset=\"https:\/\/luxewanderlust-marbella.com\/wp-content\/uploads\/2022\/03\/cropped-luxe-wanderlust-1.png 512w, https:\/\/luxewanderlust-marbella.com\/wp-content\/uploads\/2022\/03\/cropped-luxe-wanderlust-1-300x300.png 300w, https:\/\/luxewanderlust-marbella.com\/wp-content\/uploads\/2022\/03\/cropped-luxe-wanderlust-1-150x150.png 150w, https:\/\/luxewanderlust-marbella.com\/wp-content\/uploads\/2022\/03\/cropped-luxe-wanderlust-1-96x96.png 96w, https:\/\/luxewanderlust-marbella.com\/wp-content\/uploads\/2022\/03\/cropped-luxe-wanderlust-1-270x270.png 270w, https:\/\/luxewanderlust-marbella.com\/wp-content\/uploads\/2022\/03\/cropped-luxe-wanderlust-1-192x192.png 192w, https:\/\/luxewanderlust-marbella.com\/wp-content\/uploads\/2022\/03\/cropped-luxe-wanderlust-1-180x180.png 180w, https:\/\/luxewanderlust-marbella.com\/wp-content\/uploads\/2022\/03\/cropped-luxe-wanderlust-1-32x32.png 32w\" sizes=\"(max-width: 512px) 100vw, 512px\" \/>\t\t\t\t\t\t\t\t\t\t\t\t\t\t\t<\/div>\n\t\t\t\t<\/div>\n\t\t\t\t\t<\/div>\n\t\t<\/div>\n\t\t\t\t<div class=\"elementor-column elementor-col-50 elementor-top-column elementor-element elementor-element-2314af8\" data-id=\"2314af8\" data-element_type=\"column\">\n\t\t\t<div class=\"elementor-widget-wrap elementor-element-populated\">\n\t\t\t\t\t\t<div class=\"elementor-element elementor-element-1032959 elementor-widget elementor-widget-heading\" data-id=\"1032959\" data-element_type=\"widget\" data-widget_type=\"heading.default\">\n\t\t\t\t<div class=\"elementor-widget-container\">\n\t\t\t\t\t<h1 class=\"elementor-heading-title elementor-size-default\">Condiciones generales de alquiler<\/h1>\t\t\t\t<\/div>\n\t\t\t\t<\/div>\n\t\t\t\t<div class=\"elementor-element elementor-element-072c7dd elementor-widget elementor-widget-text-editor\" data-id=\"072c7dd\" data-element_type=\"widget\" data-widget_type=\"text-editor.default\">\n\t\t\t\t<div class=\"elementor-widget-container\">\n\t\t\t\t\t\t\t\t\t<p><strong>LA FIRMA DEL CONTRATO DE ALQUILER SUPONE LA ACEPTACI\u00d3N DE LAS SIGUIENTES CONDICIONES<\/strong><\/p><ul><li>Para poder garantizar la reserva del veh\u00edculo, se abonar\u00e1 el total de la factura m\u00ednimo 48 horas antes de la fecha del servicio. En caso de modificaci\u00f3n o anulaci\u00f3n por parte del cliente de dicho servicio, se aplicar\u00e1n las siguientes penalizaciones:<\/li><li>Para un servicio se debe avisar m\u00ednimo con 24 horas de antelaci\u00f3n, en caso contrario, se abonar\u00e1 la totalidad de la factura.<\/li><li>Para una disposici\u00f3n se debe avisar m\u00ednimo con 48 horas de antelaci\u00f3n, en caso contrario, se abonar\u00e1 la totalidad de la factura.<\/li><li>No proceder\u00e1 por parte del cliente exigir indemnizaci\u00f3n alguna, si por motivo de fuerza mayor o por causa fortuita, el veh\u00edculo no pudiera entregarse el d\u00eda convenido.<\/li><li>En caso de que el arrendatario, por propia decisi\u00f3n inicie con retraso o termine anticipadamente el servicio, no tendr\u00e1 derecho a reembolso alguno.<\/li><li>Para los traslados desde el aeropuerto, el ch\u00f3fer esperar\u00e1 una hora desde el aterrizaje del avi\u00f3n para que el cliente contacte con \u00e9l. A partir de esa hora, el servicio se declarar\u00e1 NO SHOW o se cobrar\u00e1 una hora extra.<\/li><\/ul>\t\t\t\t\t\t\t\t<\/div>\n\t\t\t\t<\/div>\n\t\t\t\t\t<\/div>\n\t\t<\/div>\n\t\t\t\t\t<\/div>\n\t\t<\/section>\n\t\t\t\t<section class=\"elementor-section elementor-top-section elementor-element elementor-element-9e00bcb elementor-section-boxed elementor-section-height-default elementor-section-height-default\" data-id=\"9e00bcb\" data-element_type=\"section\">\n\t\t\t\t\t\t<div class=\"elementor-container elementor-column-gap-default\">\n\t\t\t\t\t<div class=\"elementor-column elementor-col-100 elementor-top-column elementor-element elementor-element-d1dd8c7\" data-id=\"d1dd8c7\" data-element_type=\"column\">\n\t\t\t<div class=\"elementor-widget-wrap\">\n\t\t\t\t\t\t\t<\/div>\n\t\t<\/div>\n\t\t\t\t\t<\/div>\n\t\t<\/section>\n\t\t\t\t<\/div>\n\t\t","protected":false},"excerpt":{"rendered":"<p>Condiciones generales de alquiler LA FIRMA DEL CONTRATO DE ALQUILER SUPONE LA ACEPTACI\u00d3N DE LAS SIGUIENTES CONDICIONES Para poder garantizar la reserva del veh\u00edculo, se abonar\u00e1 el total de la factura m\u00ednimo 48 horas antes de la fecha del servicio. En caso de modificaci\u00f3n o anulaci\u00f3n por parte del cliente de dicho servicio, se aplicar\u00e1n [&hellip;]<\/p>\n","protected":false},"author":1,"featured_media":0,"parent":0,"menu_order":0,"comment_status":"closed","ping_status":"closed","template":"elementor_theme","meta":{"_monsterinsights_skip_tracking":false,"_monsterinsights_sitenote_active":false,"_monsterinsights_sitenote_note":"","_monsterinsights_sitenote_category":0,"footnotes":"","_links_to":"","_links_to_target":""},"class_list":["post-2287","page","type-page","status-publish","hentry"],"yoast_head":"<!-- This site is optimized with the Yoast SEO plugin v27.4 - https:\/\/yoast.com\/product\/yoast-seo-wordpress\/ -->\n<title>Condiciones de alquiler Luxe Wanderlust<\/title>\n<meta name=\"description\" content=\"Condiciones de alquiler de veh\u00edculos alta gama para servicios de transporte en Marbella, Costa del Sol, M\u00e1laga\" \/>\n<meta name=\"robots\" content=\"index, follow, max-snippet:-1, max-image-preview:large, max-video-preview:-1\" \/>\n<link rel=\"canonical\" href=\"https:\/\/luxewanderlust-marbella.com\/?page_id=2287\" \/>\n<meta property=\"og:locale\" content=\"es_ES\" \/>\n<meta property=\"og:type\" content=\"article\" \/>\n<meta property=\"og:title\" content=\"Condiciones de alquiler Luxe Wanderlust\" \/>\n<meta property=\"og:description\" content=\"Condiciones de alquiler de veh\u00edculos alta gama para servicios de transporte en Marbella, Costa del Sol, M\u00e1laga\" \/>\n<meta property=\"og:url\" content=\"https:\/\/luxewanderlust-marbella.com\/?page_id=2287\" \/>\n<meta property=\"og:site_name\" content=\"Luxe Wanderlust\" \/>\n<meta property=\"article:modified_time\" content=\"2022-06-29T06:30:50+00:00\" \/>\n<meta property=\"og:image\" content=\"https:\/\/luxewanderlust-marbella.com\/wp-content\/uploads\/2022\/03\/cropped-luxe-wanderlust-1.png\" \/>\n<meta name=\"twitter:card\" content=\"summary_large_image\" \/>\n<meta name=\"twitter:label1\" content=\"Tiempo de lectura\" \/>\n\t<meta name=\"twitter:data1\" content=\"1 minuto\" \/>\n<script type=\"application\/ld+json\" class=\"yoast-schema-graph\">{\"@context\":\"https:\\\/\\\/schema.org\",\"@graph\":[{\"@type\":\"WebPage\",\"@id\":\"https:\\\/\\\/luxewanderlust-marbella.com\\\/?page_id=2287\",\"url\":\"https:\\\/\\\/luxewanderlust-marbella.com\\\/?page_id=2287\",\"name\":\"Condiciones de alquiler Luxe Wanderlust\",\"isPartOf\":{\"@id\":\"https:\\\/\\\/luxewanderlust-marbella.com\\\/#website\"},\"primaryImageOfPage\":{\"@id\":\"https:\\\/\\\/luxewanderlust-marbella.com\\\/?page_id=2287#primaryimage\"},\"image\":{\"@id\":\"https:\\\/\\\/luxewanderlust-marbella.com\\\/?page_id=2287#primaryimage\"},\"thumbnailUrl\":\"https:\\\/\\\/luxewanderlust-marbella.com\\\/wp-content\\\/uploads\\\/2022\\\/03\\\/cropped-luxe-wanderlust-1.png\",\"datePublished\":\"2022-03-21T19:27:32+00:00\",\"dateModified\":\"2022-06-29T06:30:50+00:00\",\"description\":\"Condiciones de alquiler de veh\u00edculos alta gama para servicios de transporte en Marbella, Costa del Sol, M\u00e1laga\",\"breadcrumb\":{\"@id\":\"https:\\\/\\\/luxewanderlust-marbella.com\\\/?page_id=2287#breadcrumb\"},\"inLanguage\":\"es\",\"potentialAction\":[{\"@type\":\"ReadAction\",\"target\":[\"https:\\\/\\\/luxewanderlust-marbella.com\\\/?page_id=2287\"]}]},{\"@type\":\"ImageObject\",\"inLanguage\":\"es\",\"@id\":\"https:\\\/\\\/luxewanderlust-marbella.com\\\/?page_id=2287#primaryimage\",\"url\":\"https:\\\/\\\/luxewanderlust-marbella.com\\\/wp-content\\\/uploads\\\/2022\\\/03\\\/cropped-luxe-wanderlust-1.png\",\"contentUrl\":\"https:\\\/\\\/luxewanderlust-marbella.com\\\/wp-content\\\/uploads\\\/2022\\\/03\\\/cropped-luxe-wanderlust-1.png\",\"width\":512,\"height\":512},{\"@type\":\"BreadcrumbList\",\"@id\":\"https:\\\/\\\/luxewanderlust-marbella.com\\\/?page_id=2287#breadcrumb\",\"itemListElement\":[{\"@type\":\"ListItem\",\"position\":1,\"name\":\"Portada\",\"item\":\"https:\\\/\\\/luxewanderlust-marbella.com\\\/?page_id=14\"},{\"@type\":\"ListItem\",\"position\":2,\"name\":\"Condiciones alquiler\"}]},{\"@type\":\"WebSite\",\"@id\":\"https:\\\/\\\/luxewanderlust-marbella.com\\\/#website\",\"url\":\"https:\\\/\\\/luxewanderlust-marbella.com\\\/\",\"name\":\"Luxe Wanderlust\",\"description\":\"Marbella\",\"publisher\":{\"@id\":\"https:\\\/\\\/luxewanderlust-marbella.com\\\/#organization\"},\"potentialAction\":[{\"@type\":\"SearchAction\",\"target\":{\"@type\":\"EntryPoint\",\"urlTemplate\":\"https:\\\/\\\/luxewanderlust-marbella.com\\\/?s={search_term_string}\"},\"query-input\":{\"@type\":\"PropertyValueSpecification\",\"valueRequired\":true,\"valueName\":\"search_term_string\"}}],\"inLanguage\":\"es\"},{\"@type\":\"Organization\",\"@id\":\"https:\\\/\\\/luxewanderlust-marbella.com\\\/#organization\",\"name\":\"Luxe Wanderlust\",\"url\":\"https:\\\/\\\/luxewanderlust-marbella.com\\\/\",\"logo\":{\"@type\":\"ImageObject\",\"inLanguage\":\"es\",\"@id\":\"https:\\\/\\\/luxewanderlust-marbella.com\\\/#\\\/schema\\\/logo\\\/image\\\/\",\"url\":\"https:\\\/\\\/luxewanderlust-marbella.com\\\/wp-content\\\/uploads\\\/2022\\\/06\\\/luxe-wanderlust-con-blanco.jpg\",\"contentUrl\":\"https:\\\/\\\/luxewanderlust-marbella.com\\\/wp-content\\\/uploads\\\/2022\\\/06\\\/luxe-wanderlust-con-blanco.jpg\",\"width\":504,\"height\":504,\"caption\":\"Luxe Wanderlust\"},\"image\":{\"@id\":\"https:\\\/\\\/luxewanderlust-marbella.com\\\/#\\\/schema\\\/logo\\\/image\\\/\"}}]}<\/script>\n<!-- \/ Yoast SEO plugin. -->","yoast_head_json":{"title":"Condiciones de alquiler Luxe Wanderlust","description":"Condiciones de alquiler de veh\u00edculos alta gama para servicios de transporte en Marbella, Costa del Sol, M\u00e1laga","robots":{"index":"index","follow":"follow","max-snippet":"max-snippet:-1","max-image-preview":"max-image-preview:large","max-video-preview":"max-video-preview:-1"},"canonical":"https:\/\/luxewanderlust-marbella.com\/?page_id=2287","og_locale":"es_ES","og_type":"article","og_title":"Condiciones de alquiler Luxe Wanderlust","og_description":"Condiciones de alquiler de veh\u00edculos alta gama para servicios de transporte en Marbella, Costa del Sol, M\u00e1laga","og_url":"https:\/\/luxewanderlust-marbella.com\/?page_id=2287","og_site_name":"Luxe Wanderlust","article_modified_time":"2022-06-29T06:30:50+00:00","og_image":[{"url":"https:\/\/luxewanderlust-marbella.com\/wp-content\/uploads\/2022\/03\/cropped-luxe-wanderlust-1.png","type":"","width":"","height":""}],"twitter_card":"summary_large_image","twitter_misc":{"Tiempo de lectura":"1 minuto"},"schema":{"@context":"https:\/\/schema.org","@graph":[{"@type":"WebPage","@id":"https:\/\/luxewanderlust-marbella.com\/?page_id=2287","url":"https:\/\/luxewanderlust-marbella.com\/?page_id=2287","name":"Condiciones de alquiler Luxe Wanderlust","isPartOf":{"@id":"https:\/\/luxewanderlust-marbella.com\/#website"},"primaryImageOfPage":{"@id":"https:\/\/luxewanderlust-marbella.com\/?page_id=2287#primaryimage"},"image":{"@id":"https:\/\/luxewanderlust-marbella.com\/?page_id=2287#primaryimage"},"thumbnailUrl":"https:\/\/luxewanderlust-marbella.com\/wp-content\/uploads\/2022\/03\/cropped-luxe-wanderlust-1.png","datePublished":"2022-03-21T19:27:32+00:00","dateModified":"2022-06-29T06:30:50+00:00","description":"Condiciones de alquiler de veh\u00edculos alta gama para servicios de transporte en Marbella, Costa del Sol, M\u00e1laga","breadcrumb":{"@id":"https:\/\/luxewanderlust-marbella.com\/?page_id=2287#breadcrumb"},"inLanguage":"es","potentialAction":[{"@type":"ReadAction","target":["https:\/\/luxewanderlust-marbella.com\/?page_id=2287"]}]},{"@type":"ImageObject","inLanguage":"es","@id":"https:\/\/luxewanderlust-marbella.com\/?page_id=2287#primaryimage","url":"https:\/\/luxewanderlust-marbella.com\/wp-content\/uploads\/2022\/03\/cropped-luxe-wanderlust-1.png","contentUrl":"https:\/\/luxewanderlust-marbella.com\/wp-content\/uploads\/2022\/03\/cropped-luxe-wanderlust-1.png","width":512,"height":512},{"@type":"BreadcrumbList","@id":"https:\/\/luxewanderlust-marbella.com\/?page_id=2287#breadcrumb","itemListElement":[{"@type":"ListItem","position":1,"name":"Portada","item":"https:\/\/luxewanderlust-marbella.com\/?page_id=14"},{"@type":"ListItem","position":2,"name":"Condiciones alquiler"}]},{"@type":"WebSite","@id":"https:\/\/luxewanderlust-marbella.com\/#website","url":"https:\/\/luxewanderlust-marbella.com\/","name":"Luxe Wanderlust","description":"Marbella","publisher":{"@id":"https:\/\/luxewanderlust-marbella.com\/#organization"},"potentialAction":[{"@type":"SearchAction","target":{"@type":"EntryPoint","urlTemplate":"https:\/\/luxewanderlust-marbella.com\/?s={search_term_string}"},"query-input":{"@type":"PropertyValueSpecification","valueRequired":true,"valueName":"search_term_string"}}],"inLanguage":"es"},{"@type":"Organization","@id":"https:\/\/luxewanderlust-marbella.com\/#organization","name":"Luxe Wanderlust","url":"https:\/\/luxewanderlust-marbella.com\/","logo":{"@type":"ImageObject","inLanguage":"es","@id":"https:\/\/luxewanderlust-marbella.com\/#\/schema\/logo\/image\/","url":"https:\/\/luxewanderlust-marbella.com\/wp-content\/uploads\/2022\/06\/luxe-wanderlust-con-blanco.jpg","contentUrl":"https:\/\/luxewanderlust-marbella.com\/wp-content\/uploads\/2022\/06\/luxe-wanderlust-con-blanco.jpg","width":504,"height":504,"caption":"Luxe Wanderlust"},"image":{"@id":"https:\/\/luxewanderlust-marbella.com\/#\/schema\/logo\/image\/"}}]}},"_links":{"self":[{"href":"https:\/\/luxewanderlust-marbella.com\/index.php?rest_route=\/wp\/v2\/pages\/2287","targetHints":{"allow":["GET"]}}],"collection":[{"href":"https:\/\/luxewanderlust-marbella.com\/index.php?rest_route=\/wp\/v2\/pages"}],"about":[{"href":"https:\/\/luxewanderlust-marbella.com\/index.php?rest_route=\/wp\/v2\/types\/page"}],"author":[{"embeddable":true,"href":"https:\/\/luxewanderlust-marbella.com\/index.php?rest_route=\/wp\/v2\/users\/1"}],"replies":[{"embeddable":true,"href":"https:\/\/luxewanderlust-marbella.com\/index.php?rest_route=%2Fwp%2Fv2%2Fcomments&post=2287"}],"version-history":[{"count":5,"href":"https:\/\/luxewanderlust-marbella.com\/index.php?rest_route=\/wp\/v2\/pages\/2287\/revisions"}],"predecessor-version":[{"id":3049,"href":"https:\/\/luxewanderlust-marbella.com\/index.php?rest_route=\/wp\/v2\/pages\/2287\/revisions\/3049"}],"wp:attachment":[{"href":"https:\/\/luxewanderlust-marbella.com\/index.php?rest_route=%2Fwp%2Fv2%2Fmedia&parent=2287"}],"curies":[{"name":"wp","href":"https:\/\/api.w.org\/{rel}","templated":true}]}}