{"id":2223,"date":"2022-03-20T17:54:16","date_gmt":"2022-03-20T17:54:16","guid":{"rendered":"https:\/\/luxewanderlust-marbella.com\/?page_id=2223"},"modified":"2022-07-01T06:56:50","modified_gmt":"2022-07-01T06:56:50","slug":"servicio-transporte-eventos-privados","status":"publish","type":"page","link":"https:\/\/luxewanderlust-marbella.com\/?page_id=2223","title":{"rendered":"Transporte para eventos"},"content":{"rendered":"\t\t<div data-elementor-type=\"wp-page\" data-elementor-id=\"2223\" class=\"elementor elementor-2223\">\n\t\t\t\t\t\t<section class=\"elementor-section elementor-top-section elementor-element elementor-element-4b03801 elementor-section-stretched elementor-section-boxed elementor-section-height-default elementor-section-height-default\" data-id=\"4b03801\" data-element_type=\"section\" data-settings=\"{&quot;stretch_section&quot;:&quot;section-stretched&quot;}\">\n\t\t\t\t\t\t\t<div class=\"elementor-background-overlay\"><\/div>\n\t\t\t\t\t\t\t<div class=\"elementor-container elementor-column-gap-default\">\n\t\t\t\t\t<div class=\"elementor-column elementor-col-50 elementor-top-column elementor-element elementor-element-5c250bf\" data-id=\"5c250bf\" data-element_type=\"column\">\n\t\t\t<div class=\"elementor-widget-wrap elementor-element-populated\">\n\t\t\t\t\t\t<div class=\"elementor-element elementor-element-b8c7655 elementor-widget elementor-widget-image\" data-id=\"b8c7655\" data-element_type=\"widget\" data-widget_type=\"image.default\">\n\t\t\t\t<div class=\"elementor-widget-container\">\n\t\t\t\t\t\t\t\t\t\t\t\t\t\t\t<img fetchpriority=\"high\" decoding=\"async\" width=\"1600\" height=\"1200\" src=\"https:\/\/luxewanderlust-marbella.com\/wp-content\/uploads\/2022\/06\/luxe-wanderlust-7.jpeg\" class=\"attachment-full size-full wp-image-2670\" alt=\"Private transfers Marbella\" srcset=\"https:\/\/luxewanderlust-marbella.com\/wp-content\/uploads\/2022\/06\/luxe-wanderlust-7.jpeg 1600w, https:\/\/luxewanderlust-marbella.com\/wp-content\/uploads\/2022\/06\/luxe-wanderlust-7-300x225.jpeg 300w, https:\/\/luxewanderlust-marbella.com\/wp-content\/uploads\/2022\/06\/luxe-wanderlust-7-1024x768.jpeg 1024w, https:\/\/luxewanderlust-marbella.com\/wp-content\/uploads\/2022\/06\/luxe-wanderlust-7-768x576.jpeg 768w, https:\/\/luxewanderlust-marbella.com\/wp-content\/uploads\/2022\/06\/luxe-wanderlust-7-1536x1152.jpeg 1536w\" sizes=\"(max-width: 1600px) 100vw, 1600px\" \/>\t\t\t\t\t\t\t\t\t\t\t\t\t\t\t<\/div>\n\t\t\t\t<\/div>\n\t\t\t\t\t<\/div>\n\t\t<\/div>\n\t\t\t\t<div class=\"elementor-column elementor-col-50 elementor-top-column elementor-element elementor-element-2314af8\" data-id=\"2314af8\" data-element_type=\"column\" data-settings=\"{&quot;background_background&quot;:&quot;classic&quot;}\">\n\t\t\t<div class=\"elementor-widget-wrap elementor-element-populated\">\n\t\t\t\t\t\t<div class=\"elementor-element elementor-element-1032959 elementor-widget elementor-widget-heading\" data-id=\"1032959\" data-element_type=\"widget\" data-widget_type=\"heading.default\">\n\t\t\t\t<div class=\"elementor-widget-container\">\n\t\t\t\t\t<h1 class=\"elementor-heading-title elementor-size-default\">Transporte para eventos<\/h1>\t\t\t\t<\/div>\n\t\t\t\t<\/div>\n\t\t\t\t<div class=\"elementor-element elementor-element-072c7dd elementor-widget elementor-widget-text-editor\" data-id=\"072c7dd\" data-element_type=\"widget\" data-widget_type=\"text-editor.default\">\n\t\t\t\t<div class=\"elementor-widget-container\">\n\t\t\t\t\t\t\t\t\t<p>Luxe Wanderlust no es s\u00f3lo un transporte privado, sino que adem\u00e1s ponemos a su disposici\u00f3n nuestra experiencia para acompa\u00f1arle en la realizaci\u00f3n de eventos tanto fuera como dentro de la Costa del Sol, ofreciendo a sus clientes la m\u00e1xima comunidad, seguridad y lujo en los traslados.<\/p><p>Sea cual sea su necesidad, tanto si se trata de peque\u00f1as reuniones o grandes eventos, nuestros servicios de traslado con ch\u00f3fer se adaptar\u00e1n a sus necesidades aportando seguridad, confort, discreci\u00f3n, profesionalidad y puntualidad.<\/p><p>\u00a0<\/p>\t\t\t\t\t\t\t\t<\/div>\n\t\t\t\t<\/div>\n\t\t\t\t\t<\/div>\n\t\t<\/div>\n\t\t\t\t\t<\/div>\n\t\t<\/section>\n\t\t\t\t<section class=\"elementor-section elementor-top-section elementor-element elementor-element-657a0b9 elementor-section-stretched elementor-section-boxed elementor-section-height-default elementor-section-height-default\" data-id=\"657a0b9\" data-element_type=\"section\" data-settings=\"{&quot;stretch_section&quot;:&quot;section-stretched&quot;}\">\n\t\t\t\t\t\t\t<div class=\"elementor-background-overlay\"><\/div>\n\t\t\t\t\t\t\t<div class=\"elementor-container elementor-column-gap-default\">\n\t\t\t\t\t<div class=\"elementor-column elementor-col-100 elementor-top-column elementor-element elementor-element-5697912\" data-id=\"5697912\" data-element_type=\"column\">\n\t\t\t<div class=\"elementor-widget-wrap elementor-element-populated\">\n\t\t\t\t\t\t<section class=\"elementor-section elementor-inner-section elementor-element elementor-element-b121dbd elementor-section-boxed elementor-section-height-default elementor-section-height-default\" data-id=\"b121dbd\" data-element_type=\"section\">\n\t\t\t\t\t\t<div class=\"elementor-container elementor-column-gap-default\">\n\t\t\t\t\t<div class=\"elementor-column elementor-col-50 elementor-inner-column elementor-element elementor-element-9dbd6c1\" data-id=\"9dbd6c1\" data-element_type=\"column\">\n\t\t\t<div class=\"elementor-widget-wrap elementor-element-populated\">\n\t\t\t\t\t\t<div class=\"elementor-element elementor-element-805147c e-transform e-transform e-transform elementor-view-default elementor-invisible elementor-widget elementor-widget-icon\" data-id=\"805147c\" data-element_type=\"widget\" data-settings=\"{&quot;_animation&quot;:&quot;fadeIn&quot;,&quot;_transform_rotateZ_effect&quot;:{&quot;unit&quot;:&quot;px&quot;,&quot;size&quot;:&quot;&quot;,&quot;sizes&quot;:[]},&quot;_transform_rotateZ_effect_tablet&quot;:{&quot;unit&quot;:&quot;deg&quot;,&quot;size&quot;:&quot;&quot;,&quot;sizes&quot;:[]},&quot;_transform_rotateZ_effect_mobile&quot;:{&quot;unit&quot;:&quot;deg&quot;,&quot;size&quot;:&quot;&quot;,&quot;sizes&quot;:[]},&quot;_transform_translateX_effect&quot;:{&quot;unit&quot;:&quot;px&quot;,&quot;size&quot;:&quot;&quot;,&quot;sizes&quot;:[]},&quot;_transform_translateX_effect_tablet&quot;:{&quot;unit&quot;:&quot;px&quot;,&quot;size&quot;:&quot;&quot;,&quot;sizes&quot;:[]},&quot;_transform_translateX_effect_mobile&quot;:{&quot;unit&quot;:&quot;px&quot;,&quot;size&quot;:&quot;&quot;,&quot;sizes&quot;:[]},&quot;_transform_translateY_effect&quot;:{&quot;unit&quot;:&quot;px&quot;,&quot;size&quot;:&quot;&quot;,&quot;sizes&quot;:[]},&quot;_transform_translateY_effect_tablet&quot;:{&quot;unit&quot;:&quot;px&quot;,&quot;size&quot;:&quot;&quot;,&quot;sizes&quot;:[]},&quot;_transform_translateY_effect_mobile&quot;:{&quot;unit&quot;:&quot;px&quot;,&quot;size&quot;:&quot;&quot;,&quot;sizes&quot;:[]},&quot;_transform_scale_effect&quot;:{&quot;unit&quot;:&quot;px&quot;,&quot;size&quot;:&quot;&quot;,&quot;sizes&quot;:[]},&quot;_transform_scale_effect_tablet&quot;:{&quot;unit&quot;:&quot;px&quot;,&quot;size&quot;:&quot;&quot;,&quot;sizes&quot;:[]},&quot;_transform_scale_effect_mobile&quot;:{&quot;unit&quot;:&quot;px&quot;,&quot;size&quot;:&quot;&quot;,&quot;sizes&quot;:[]}}\" data-widget_type=\"icon.default\">\n\t\t\t\t<div class=\"elementor-widget-container\">\n\t\t\t\t\t\t\t<div class=\"elementor-icon-wrapper\">\n\t\t\t<div class=\"elementor-icon\">\n\t\t\t<i aria-hidden=\"true\" class=\"far fa-check-circle\"><\/i>\t\t\t<\/div>\n\t\t<\/div>\n\t\t\t\t\t\t<\/div>\n\t\t\t\t<\/div>\n\t\t\t\t\t<\/div>\n\t\t<\/div>\n\t\t\t\t<div class=\"elementor-column elementor-col-50 elementor-inner-column elementor-element elementor-element-bb8a472\" data-id=\"bb8a472\" data-element_type=\"column\">\n\t\t\t<div class=\"elementor-widget-wrap elementor-element-populated\">\n\t\t\t\t\t\t<div class=\"elementor-element elementor-element-ac20f0c elementor-widget elementor-widget-text-editor\" data-id=\"ac20f0c\" data-element_type=\"widget\" data-widget_type=\"text-editor.default\">\n\t\t\t\t<div class=\"elementor-widget-container\">\n\t\t\t\t\t\t\t\t\t<h2>Nuestra empresa se adapta perfectamente a las necesidades de nuestros clientes ofreciendo un <strong>amplio abanico de posibilidades<\/strong>.<\/h2>\t\t\t\t\t\t\t\t<\/div>\n\t\t\t\t<\/div>\n\t\t\t\t\t<\/div>\n\t\t<\/div>\n\t\t\t\t\t<\/div>\n\t\t<\/section>\n\t\t\t\t\t<\/div>\n\t\t<\/div>\n\t\t\t\t\t<\/div>\n\t\t<\/section>\n\t\t\t\t<section class=\"elementor-section elementor-top-section elementor-element elementor-element-83e3f63 elementor-section-full_width elementor-section-stretched elementor-section-height-default elementor-section-height-default\" data-id=\"83e3f63\" data-element_type=\"section\" data-settings=\"{&quot;stretch_section&quot;:&quot;section-stretched&quot;}\">\n\t\t\t\t\t\t<div class=\"elementor-container elementor-column-gap-default\">\n\t\t\t\t\t<div class=\"elementor-column elementor-col-100 elementor-top-column elementor-element elementor-element-e2d5dcb\" data-id=\"e2d5dcb\" data-element_type=\"column\">\n\t\t\t<div class=\"elementor-widget-wrap elementor-element-populated\">\n\t\t\t\t\t\t<div class=\"elementor-element elementor-element-4a62a88 elementor-widget elementor-widget-image\" data-id=\"4a62a88\" data-element_type=\"widget\" data-widget_type=\"image.default\">\n\t\t\t\t<div class=\"elementor-widget-container\">\n\t\t\t\t\t\t\t\t\t\t\t\t\t\t\t<img decoding=\"async\" width=\"1600\" height=\"811\" src=\"https:\/\/luxewanderlust-marbella.com\/wp-content\/uploads\/2022\/06\/web-recort.jpeg\" class=\"attachment-full size-full wp-image-2685\" alt=\"Luxe Wanderlust Marbella\" srcset=\"https:\/\/luxewanderlust-marbella.com\/wp-content\/uploads\/2022\/06\/web-recort.jpeg 1600w, https:\/\/luxewanderlust-marbella.com\/wp-content\/uploads\/2022\/06\/web-recort-300x152.jpeg 300w, https:\/\/luxewanderlust-marbella.com\/wp-content\/uploads\/2022\/06\/web-recort-1024x519.jpeg 1024w, https:\/\/luxewanderlust-marbella.com\/wp-content\/uploads\/2022\/06\/web-recort-768x389.jpeg 768w, https:\/\/luxewanderlust-marbella.com\/wp-content\/uploads\/2022\/06\/web-recort-1536x779.jpeg 1536w\" sizes=\"(max-width: 1600px) 100vw, 1600px\" \/>\t\t\t\t\t\t\t\t\t\t\t\t\t\t\t<\/div>\n\t\t\t\t<\/div>\n\t\t\t\t\t<\/div>\n\t\t<\/div>\n\t\t\t\t\t<\/div>\n\t\t<\/section>\n\t\t\t\t<section class=\"elementor-section elementor-top-section elementor-element elementor-element-785e3b4d elementor-section-stretched elementor-section-boxed elementor-section-height-default elementor-section-height-default\" data-id=\"785e3b4d\" data-element_type=\"section\" data-settings=\"{&quot;stretch_section&quot;:&quot;section-stretched&quot;}\">\n\t\t\t\t\t\t\t<div class=\"elementor-background-overlay\"><\/div>\n\t\t\t\t\t\t\t<div class=\"elementor-container elementor-column-gap-default\">\n\t\t\t\t\t<div class=\"elementor-column elementor-col-50 elementor-top-column elementor-element elementor-element-57fef7e6\" data-id=\"57fef7e6\" data-element_type=\"column\">\n\t\t\t<div class=\"elementor-widget-wrap elementor-element-populated\">\n\t\t\t\t\t\t<div class=\"elementor-element elementor-element-5477452d elementor-widget elementor-widget-heading\" data-id=\"5477452d\" data-element_type=\"widget\" data-widget_type=\"heading.default\">\n\t\t\t\t<div class=\"elementor-widget-container\">\n\t\t\t\t\t<h3 class=\"elementor-heading-title elementor-size-small\">Solicite informaci\u00f3n <br>\nsin compromiso<\/h3>\t\t\t\t<\/div>\n\t\t\t\t<\/div>\n\t\t\t\t\t<\/div>\n\t\t<\/div>\n\t\t\t\t<div class=\"elementor-column elementor-col-50 elementor-top-column elementor-element elementor-element-48b910ff\" data-id=\"48b910ff\" data-element_type=\"column\">\n\t\t\t<div class=\"elementor-widget-wrap elementor-element-populated\">\n\t\t\t\t\t\t<div class=\"elementor-element elementor-element-4805fe38 elementor-align-center btn-theme-rounded elementor-widget elementor-widget-button\" data-id=\"4805fe38\" data-element_type=\"widget\" data-widget_type=\"button.default\">\n\t\t\t\t<div class=\"elementor-widget-container\">\n\t\t\t\t\t\t\t\t\t<div class=\"elementor-button-wrapper\">\n\t\t\t\t\t<a class=\"elementor-button elementor-button-link elementor-size-md\" href=\"https:\/\/luxewanderlust-marbella.com\/contacta-vehiculos-marbella\/\">\n\t\t\t\t\t\t<span class=\"elementor-button-content-wrapper\">\n\t\t\t\t\t\t\t\t\t<span class=\"elementor-button-text\">CONTACTA<\/span>\n\t\t\t\t\t<\/span>\n\t\t\t\t\t<\/a>\n\t\t\t\t<\/div>\n\t\t\t\t\t\t\t\t<\/div>\n\t\t\t\t<\/div>\n\t\t\t\t\t<\/div>\n\t\t<\/div>\n\t\t\t\t\t<\/div>\n\t\t<\/section>\n\t\t\t\t<\/div>\n\t\t","protected":false},"excerpt":{"rendered":"<p>Transporte para eventos Luxe Wanderlust no es s\u00f3lo un transporte privado, sino que adem\u00e1s ponemos a su disposici\u00f3n nuestra experiencia para acompa\u00f1arle en la realizaci\u00f3n de eventos tanto fuera como dentro de la Costa del Sol, ofreciendo a sus clientes la m\u00e1xima comunidad, seguridad y lujo en los traslados. Sea cual sea su necesidad, tanto [&hellip;]<\/p>\n","protected":false},"author":1,"featured_media":0,"parent":2185,"menu_order":0,"comment_status":"closed","ping_status":"closed","template":"","meta":{"_monsterinsights_skip_tracking":false,"_monsterinsights_sitenote_active":false,"_monsterinsights_sitenote_note":"","_monsterinsights_sitenote_category":0,"footnotes":"","_links_to":"","_links_to_target":""},"class_list":["post-2223","page","type-page","status-publish","hentry"],"yoast_head":"<!-- This site is optimized with the Yoast SEO plugin v27.4 - https:\/\/yoast.com\/product\/yoast-seo-wordpress\/ -->\n<title>Servicio transporte eventos<\/title>\n<meta name=\"description\" content=\"Le acompa\u00f1amos en la realizaci\u00f3n de eventos tanto fuera como dentro de la Costa del Sol, ofreciendo comodidad, seguridad y lujo\" \/>\n<meta name=\"robots\" content=\"index, follow, max-snippet:-1, max-image-preview:large, max-video-preview:-1\" \/>\n<link rel=\"canonical\" href=\"https:\/\/luxewanderlust-marbella.com\/?page_id=2223\" \/>\n<meta property=\"og:locale\" content=\"es_ES\" \/>\n<meta property=\"og:type\" content=\"article\" \/>\n<meta property=\"og:title\" content=\"Servicio transporte eventos\" \/>\n<meta property=\"og:description\" content=\"Le acompa\u00f1amos en la realizaci\u00f3n de eventos tanto fuera como dentro de la Costa del Sol, ofreciendo comodidad, seguridad y lujo\" \/>\n<meta property=\"og:url\" content=\"https:\/\/luxewanderlust-marbella.com\/?page_id=2223\" \/>\n<meta property=\"og:site_name\" content=\"Luxe Wanderlust\" \/>\n<meta property=\"article:modified_time\" content=\"2022-07-01T06:56:50+00:00\" \/>\n<meta property=\"og:image\" content=\"https:\/\/luxewanderlust-marbella.com\/wp-content\/uploads\/2022\/06\/luxe-wanderlust-7.jpeg\" \/>\n<meta name=\"twitter:card\" content=\"summary_large_image\" \/>\n<meta name=\"twitter:label1\" content=\"Tiempo de lectura\" \/>\n\t<meta name=\"twitter:data1\" content=\"1 minuto\" \/>\n<script type=\"application\/ld+json\" class=\"yoast-schema-graph\">{\"@context\":\"https:\\\/\\\/schema.org\",\"@graph\":[{\"@type\":\"WebPage\",\"@id\":\"https:\\\/\\\/luxewanderlust-marbella.com\\\/?page_id=2223\",\"url\":\"https:\\\/\\\/luxewanderlust-marbella.com\\\/?page_id=2223\",\"name\":\"Servicio transporte eventos\",\"isPartOf\":{\"@id\":\"https:\\\/\\\/luxewanderlust-marbella.com\\\/#website\"},\"primaryImageOfPage\":{\"@id\":\"https:\\\/\\\/luxewanderlust-marbella.com\\\/?page_id=2223#primaryimage\"},\"image\":{\"@id\":\"https:\\\/\\\/luxewanderlust-marbella.com\\\/?page_id=2223#primaryimage\"},\"thumbnailUrl\":\"https:\\\/\\\/luxewanderlust-marbella.com\\\/wp-content\\\/uploads\\\/2022\\\/06\\\/luxe-wanderlust-7.jpeg\",\"datePublished\":\"2022-03-20T17:54:16+00:00\",\"dateModified\":\"2022-07-01T06:56:50+00:00\",\"description\":\"Le acompa\u00f1amos en la realizaci\u00f3n de eventos tanto fuera como dentro de la Costa del Sol, ofreciendo comodidad, seguridad y lujo\",\"breadcrumb\":{\"@id\":\"https:\\\/\\\/luxewanderlust-marbella.com\\\/?page_id=2223#breadcrumb\"},\"inLanguage\":\"es\",\"potentialAction\":[{\"@type\":\"ReadAction\",\"target\":[\"https:\\\/\\\/luxewanderlust-marbella.com\\\/?page_id=2223\"]}]},{\"@type\":\"ImageObject\",\"inLanguage\":\"es\",\"@id\":\"https:\\\/\\\/luxewanderlust-marbella.com\\\/?page_id=2223#primaryimage\",\"url\":\"https:\\\/\\\/luxewanderlust-marbella.com\\\/wp-content\\\/uploads\\\/2022\\\/06\\\/luxe-wanderlust-7.jpeg\",\"contentUrl\":\"https:\\\/\\\/luxewanderlust-marbella.com\\\/wp-content\\\/uploads\\\/2022\\\/06\\\/luxe-wanderlust-7.jpeg\",\"width\":1600,\"height\":1200,\"caption\":\"Private transfers Marbella\"},{\"@type\":\"BreadcrumbList\",\"@id\":\"https:\\\/\\\/luxewanderlust-marbella.com\\\/?page_id=2223#breadcrumb\",\"itemListElement\":[{\"@type\":\"ListItem\",\"position\":1,\"name\":\"Portada\",\"item\":\"https:\\\/\\\/luxewanderlust-marbella.com\\\/?page_id=14\"},{\"@type\":\"ListItem\",\"position\":2,\"name\":\"Servicios\",\"item\":\"https:\\\/\\\/luxewanderlust-marbella.com\\\/?page_id=2185\"},{\"@type\":\"ListItem\",\"position\":3,\"name\":\"Transporte para eventos\"}]},{\"@type\":\"WebSite\",\"@id\":\"https:\\\/\\\/luxewanderlust-marbella.com\\\/#website\",\"url\":\"https:\\\/\\\/luxewanderlust-marbella.com\\\/\",\"name\":\"Luxe Wanderlust\",\"description\":\"Marbella\",\"publisher\":{\"@id\":\"https:\\\/\\\/luxewanderlust-marbella.com\\\/#organization\"},\"potentialAction\":[{\"@type\":\"SearchAction\",\"target\":{\"@type\":\"EntryPoint\",\"urlTemplate\":\"https:\\\/\\\/luxewanderlust-marbella.com\\\/?s={search_term_string}\"},\"query-input\":{\"@type\":\"PropertyValueSpecification\",\"valueRequired\":true,\"valueName\":\"search_term_string\"}}],\"inLanguage\":\"es\"},{\"@type\":\"Organization\",\"@id\":\"https:\\\/\\\/luxewanderlust-marbella.com\\\/#organization\",\"name\":\"Luxe Wanderlust\",\"url\":\"https:\\\/\\\/luxewanderlust-marbella.com\\\/\",\"logo\":{\"@type\":\"ImageObject\",\"inLanguage\":\"es\",\"@id\":\"https:\\\/\\\/luxewanderlust-marbella.com\\\/#\\\/schema\\\/logo\\\/image\\\/\",\"url\":\"https:\\\/\\\/luxewanderlust-marbella.com\\\/wp-content\\\/uploads\\\/2022\\\/06\\\/luxe-wanderlust-con-blanco.jpg\",\"contentUrl\":\"https:\\\/\\\/luxewanderlust-marbella.com\\\/wp-content\\\/uploads\\\/2022\\\/06\\\/luxe-wanderlust-con-blanco.jpg\",\"width\":504,\"height\":504,\"caption\":\"Luxe Wanderlust\"},\"image\":{\"@id\":\"https:\\\/\\\/luxewanderlust-marbella.com\\\/#\\\/schema\\\/logo\\\/image\\\/\"}}]}<\/script>\n<!-- \/ Yoast SEO plugin. -->","yoast_head_json":{"title":"Servicio transporte eventos","description":"Le acompa\u00f1amos en la realizaci\u00f3n de eventos tanto fuera como dentro de la Costa del Sol, ofreciendo comodidad, seguridad y lujo","robots":{"index":"index","follow":"follow","max-snippet":"max-snippet:-1","max-image-preview":"max-image-preview:large","max-video-preview":"max-video-preview:-1"},"canonical":"https:\/\/luxewanderlust-marbella.com\/?page_id=2223","og_locale":"es_ES","og_type":"article","og_title":"Servicio transporte eventos","og_description":"Le acompa\u00f1amos en la realizaci\u00f3n de eventos tanto fuera como dentro de la Costa del Sol, ofreciendo comodidad, seguridad y lujo","og_url":"https:\/\/luxewanderlust-marbella.com\/?page_id=2223","og_site_name":"Luxe Wanderlust","article_modified_time":"2022-07-01T06:56:50+00:00","og_image":[{"url":"https:\/\/luxewanderlust-marbella.com\/wp-content\/uploads\/2022\/06\/luxe-wanderlust-7.jpeg","type":"","width":"","height":""}],"twitter_card":"summary_large_image","twitter_misc":{"Tiempo de lectura":"1 minuto"},"schema":{"@context":"https:\/\/schema.org","@graph":[{"@type":"WebPage","@id":"https:\/\/luxewanderlust-marbella.com\/?page_id=2223","url":"https:\/\/luxewanderlust-marbella.com\/?page_id=2223","name":"Servicio transporte eventos","isPartOf":{"@id":"https:\/\/luxewanderlust-marbella.com\/#website"},"primaryImageOfPage":{"@id":"https:\/\/luxewanderlust-marbella.com\/?page_id=2223#primaryimage"},"image":{"@id":"https:\/\/luxewanderlust-marbella.com\/?page_id=2223#primaryimage"},"thumbnailUrl":"https:\/\/luxewanderlust-marbella.com\/wp-content\/uploads\/2022\/06\/luxe-wanderlust-7.jpeg","datePublished":"2022-03-20T17:54:16+00:00","dateModified":"2022-07-01T06:56:50+00:00","description":"Le acompa\u00f1amos en la realizaci\u00f3n de eventos tanto fuera como dentro de la Costa del Sol, ofreciendo comodidad, seguridad y lujo","breadcrumb":{"@id":"https:\/\/luxewanderlust-marbella.com\/?page_id=2223#breadcrumb"},"inLanguage":"es","potentialAction":[{"@type":"ReadAction","target":["https:\/\/luxewanderlust-marbella.com\/?page_id=2223"]}]},{"@type":"ImageObject","inLanguage":"es","@id":"https:\/\/luxewanderlust-marbella.com\/?page_id=2223#primaryimage","url":"https:\/\/luxewanderlust-marbella.com\/wp-content\/uploads\/2022\/06\/luxe-wanderlust-7.jpeg","contentUrl":"https:\/\/luxewanderlust-marbella.com\/wp-content\/uploads\/2022\/06\/luxe-wanderlust-7.jpeg","width":1600,"height":1200,"caption":"Private transfers Marbella"},{"@type":"BreadcrumbList","@id":"https:\/\/luxewanderlust-marbella.com\/?page_id=2223#breadcrumb","itemListElement":[{"@type":"ListItem","position":1,"name":"Portada","item":"https:\/\/luxewanderlust-marbella.com\/?page_id=14"},{"@type":"ListItem","position":2,"name":"Servicios","item":"https:\/\/luxewanderlust-marbella.com\/?page_id=2185"},{"@type":"ListItem","position":3,"name":"Transporte para eventos"}]},{"@type":"WebSite","@id":"https:\/\/luxewanderlust-marbella.com\/#website","url":"https:\/\/luxewanderlust-marbella.com\/","name":"Luxe Wanderlust","description":"Marbella","publisher":{"@id":"https:\/\/luxewanderlust-marbella.com\/#organization"},"potentialAction":[{"@type":"SearchAction","target":{"@type":"EntryPoint","urlTemplate":"https:\/\/luxewanderlust-marbella.com\/?s={search_term_string}"},"query-input":{"@type":"PropertyValueSpecification","valueRequired":true,"valueName":"search_term_string"}}],"inLanguage":"es"},{"@type":"Organization","@id":"https:\/\/luxewanderlust-marbella.com\/#organization","name":"Luxe Wanderlust","url":"https:\/\/luxewanderlust-marbella.com\/","logo":{"@type":"ImageObject","inLanguage":"es","@id":"https:\/\/luxewanderlust-marbella.com\/#\/schema\/logo\/image\/","url":"https:\/\/luxewanderlust-marbella.com\/wp-content\/uploads\/2022\/06\/luxe-wanderlust-con-blanco.jpg","contentUrl":"https:\/\/luxewanderlust-marbella.com\/wp-content\/uploads\/2022\/06\/luxe-wanderlust-con-blanco.jpg","width":504,"height":504,"caption":"Luxe Wanderlust"},"image":{"@id":"https:\/\/luxewanderlust-marbella.com\/#\/schema\/logo\/image\/"}}]}},"_links":{"self":[{"href":"https:\/\/luxewanderlust-marbella.com\/index.php?rest_route=\/wp\/v2\/pages\/2223","targetHints":{"allow":["GET"]}}],"collection":[{"href":"https:\/\/luxewanderlust-marbella.com\/index.php?rest_route=\/wp\/v2\/pages"}],"about":[{"href":"https:\/\/luxewanderlust-marbella.com\/index.php?rest_route=\/wp\/v2\/types\/page"}],"author":[{"embeddable":true,"href":"https:\/\/luxewanderlust-marbella.com\/index.php?rest_route=\/wp\/v2\/users\/1"}],"replies":[{"embeddable":true,"href":"https:\/\/luxewanderlust-marbella.com\/index.php?rest_route=%2Fwp%2Fv2%2Fcomments&post=2223"}],"version-history":[{"count":38,"href":"https:\/\/luxewanderlust-marbella.com\/index.php?rest_route=\/wp\/v2\/pages\/2223\/revisions"}],"predecessor-version":[{"id":3245,"href":"https:\/\/luxewanderlust-marbella.com\/index.php?rest_route=\/wp\/v2\/pages\/2223\/revisions\/3245"}],"up":[{"embeddable":true,"href":"https:\/\/luxewanderlust-marbella.com\/index.php?rest_route=\/wp\/v2\/pages\/2185"}],"wp:attachment":[{"href":"https:\/\/luxewanderlust-marbella.com\/index.php?rest_route=%2Fwp%2Fv2%2Fmedia&parent=2223"}],"curies":[{"name":"wp","href":"https:\/\/api.w.org\/{rel}","templated":true}]}}