{"id":2196,"date":"2022-03-20T17:36:53","date_gmt":"2022-03-20T17:36:53","guid":{"rendered":"https:\/\/luxewanderlust-marbella.com\/?page_id=2196"},"modified":"2022-06-29T07:25:19","modified_gmt":"2022-06-29T07:25:19","slug":"servicio-de-traslados-privados","status":"publish","type":"page","link":"https:\/\/luxewanderlust-marbella.com\/?page_id=2196","title":{"rendered":"Traslados privados"},"content":{"rendered":"\t\t<div data-elementor-type=\"wp-page\" data-elementor-id=\"2196\" class=\"elementor elementor-2196\">\n\t\t\t\t\t\t<section class=\"elementor-section elementor-top-section elementor-element elementor-element-4b03801 elementor-section-stretched elementor-section-boxed elementor-section-height-default elementor-section-height-default\" data-id=\"4b03801\" data-element_type=\"section\" data-settings=\"{&quot;stretch_section&quot;:&quot;section-stretched&quot;}\">\n\t\t\t\t\t\t\t<div class=\"elementor-background-overlay\"><\/div>\n\t\t\t\t\t\t\t<div class=\"elementor-container elementor-column-gap-default\">\n\t\t\t\t\t<div class=\"elementor-column elementor-col-50 elementor-top-column elementor-element elementor-element-5c250bf\" data-id=\"5c250bf\" data-element_type=\"column\">\n\t\t\t<div class=\"elementor-widget-wrap elementor-element-populated\">\n\t\t\t\t\t\t<div class=\"elementor-element elementor-element-b8c7655 elementor-widget elementor-widget-image\" data-id=\"b8c7655\" data-element_type=\"widget\" data-widget_type=\"image.default\">\n\t\t\t\t<div class=\"elementor-widget-container\">\n\t\t\t\t\t\t\t\t\t\t\t\t\t\t\t<img fetchpriority=\"high\" decoding=\"async\" width=\"957\" height=\"1024\" src=\"https:\/\/luxewanderlust-marbella.com\/wp-content\/uploads\/2022\/04\/WhatsApp-Image-2022-06-28-at-3.52.51-PM.jpeg\" class=\"attachment-full size-full wp-image-2963\" alt=\"Luxe Wanderlust Puerto Ban\u00fas\" srcset=\"https:\/\/luxewanderlust-marbella.com\/wp-content\/uploads\/2022\/04\/WhatsApp-Image-2022-06-28-at-3.52.51-PM.jpeg 957w, https:\/\/luxewanderlust-marbella.com\/wp-content\/uploads\/2022\/04\/WhatsApp-Image-2022-06-28-at-3.52.51-PM-280x300.jpeg 280w, https:\/\/luxewanderlust-marbella.com\/wp-content\/uploads\/2022\/04\/WhatsApp-Image-2022-06-28-at-3.52.51-PM-768x822.jpeg 768w\" sizes=\"(max-width: 957px) 100vw, 957px\" \/>\t\t\t\t\t\t\t\t\t\t\t\t\t\t\t<\/div>\n\t\t\t\t<\/div>\n\t\t\t\t\t<\/div>\n\t\t<\/div>\n\t\t\t\t<div class=\"elementor-column elementor-col-50 elementor-top-column elementor-element elementor-element-2314af8\" data-id=\"2314af8\" data-element_type=\"column\">\n\t\t\t<div class=\"elementor-widget-wrap elementor-element-populated\">\n\t\t\t\t\t\t<div class=\"elementor-element elementor-element-1032959 elementor-widget elementor-widget-heading\" data-id=\"1032959\" data-element_type=\"widget\" data-widget_type=\"heading.default\">\n\t\t\t\t<div class=\"elementor-widget-container\">\n\t\t\t\t\t<h1 class=\"elementor-heading-title elementor-size-default\">Traslado privado<\/h1>\t\t\t\t<\/div>\n\t\t\t\t<\/div>\n\t\t\t\t<div class=\"elementor-element elementor-element-072c7dd elementor-widget elementor-widget-text-editor\" data-id=\"072c7dd\" data-element_type=\"widget\" data-widget_type=\"text-editor.default\">\n\t\t\t\t<div class=\"elementor-widget-container\">\n\t\t\t\t\t\t\t\t\t<p>Para Luxe Wanderlust lo primero es la comodidad y satisfacci\u00f3n del cliente, para ello ofrecemos un <strong>servicio completo<\/strong> capaz de cubrir todas sus necesidades durante su estancia.\u00a0<\/p><p>Nos convertiremos en imprescindibles durante sus vacaciones ofreciendo un amplio abanico de opciones de restauraci\u00f3n, as\u00ed como eventos culturales y de ocio que m\u00e1s se ajusten a sus gustos gracias a nuestro amplio conocimiento de la zona.<\/p>\t\t\t\t\t\t\t\t<\/div>\n\t\t\t\t<\/div>\n\t\t\t\t\t<\/div>\n\t\t<\/div>\n\t\t\t\t\t<\/div>\n\t\t<\/section>\n\t\t\t\t<section class=\"elementor-section elementor-top-section elementor-element elementor-element-657a0b9 elementor-section-stretched elementor-section-boxed elementor-section-height-default elementor-section-height-default\" data-id=\"657a0b9\" data-element_type=\"section\" data-settings=\"{&quot;stretch_section&quot;:&quot;section-stretched&quot;}\">\n\t\t\t\t\t\t\t<div class=\"elementor-background-overlay\"><\/div>\n\t\t\t\t\t\t\t<div class=\"elementor-container elementor-column-gap-default\">\n\t\t\t\t\t<div class=\"elementor-column elementor-col-100 elementor-top-column elementor-element elementor-element-5697912\" data-id=\"5697912\" data-element_type=\"column\">\n\t\t\t<div class=\"elementor-widget-wrap elementor-element-populated\">\n\t\t\t\t\t\t<section class=\"elementor-section elementor-inner-section elementor-element elementor-element-4dbcda7 elementor-section-boxed elementor-section-height-default elementor-section-height-default\" data-id=\"4dbcda7\" data-element_type=\"section\">\n\t\t\t\t\t\t<div class=\"elementor-container elementor-column-gap-default\">\n\t\t\t\t\t<div class=\"elementor-column elementor-col-50 elementor-inner-column elementor-element elementor-element-e4b4281\" data-id=\"e4b4281\" data-element_type=\"column\">\n\t\t\t<div class=\"elementor-widget-wrap elementor-element-populated\">\n\t\t\t\t\t\t<div class=\"elementor-element elementor-element-0eb8ed5 elementor-view-default elementor-widget elementor-widget-icon\" data-id=\"0eb8ed5\" data-element_type=\"widget\" data-widget_type=\"icon.default\">\n\t\t\t\t<div class=\"elementor-widget-container\">\n\t\t\t\t\t\t\t<div class=\"elementor-icon-wrapper\">\n\t\t\t<div class=\"elementor-icon\">\n\t\t\t<i aria-hidden=\"true\" class=\"far fa-heart\"><\/i>\t\t\t<\/div>\n\t\t<\/div>\n\t\t\t\t\t\t<\/div>\n\t\t\t\t<\/div>\n\t\t\t\t\t<\/div>\n\t\t<\/div>\n\t\t\t\t<div class=\"elementor-column elementor-col-50 elementor-inner-column elementor-element elementor-element-5f48abe\" data-id=\"5f48abe\" data-element_type=\"column\">\n\t\t\t<div class=\"elementor-widget-wrap elementor-element-populated\">\n\t\t\t\t\t\t<div class=\"elementor-element elementor-element-ac20f0c elementor-widget elementor-widget-text-editor\" data-id=\"ac20f0c\" data-element_type=\"widget\" data-widget_type=\"text-editor.default\">\n\t\t\t\t<div class=\"elementor-widget-container\">\n\t\t\t\t\t\t\t\t\t<h2><strong>Comience y termine sus viajes de la forma m\u00e1s c\u00f3moda, segura y sin preocupaciones<\/strong><\/h2>\t\t\t\t\t\t\t\t<\/div>\n\t\t\t\t<\/div>\n\t\t\t\t\t<\/div>\n\t\t<\/div>\n\t\t\t\t\t<\/div>\n\t\t<\/section>\n\t\t\t\t\t<\/div>\n\t\t<\/div>\n\t\t\t\t\t<\/div>\n\t\t<\/section>\n\t\t\t\t<section class=\"elementor-section elementor-top-section elementor-element elementor-element-6da3df4 elementor-section-stretched elementor-section-boxed elementor-section-height-default elementor-section-height-default\" data-id=\"6da3df4\" data-element_type=\"section\" data-settings=\"{&quot;stretch_section&quot;:&quot;section-stretched&quot;,&quot;background_background&quot;:&quot;classic&quot;}\">\n\t\t\t\t\t\t<div class=\"elementor-container elementor-column-gap-default\">\n\t\t\t\t\t<div class=\"elementor-column elementor-col-100 elementor-top-column elementor-element elementor-element-612082f\" data-id=\"612082f\" data-element_type=\"column\">\n\t\t\t<div class=\"elementor-widget-wrap elementor-element-populated\">\n\t\t\t\t\t\t<section class=\"elementor-section elementor-inner-section elementor-element elementor-element-fd912e9 elementor-section-full_width elementor-section-height-default elementor-section-height-default\" data-id=\"fd912e9\" data-element_type=\"section\">\n\t\t\t\t\t\t<div class=\"elementor-container elementor-column-gap-default\">\n\t\t\t\t\t<div class=\"elementor-column elementor-col-50 elementor-inner-column elementor-element elementor-element-1173836\" data-id=\"1173836\" data-element_type=\"column\">\n\t\t\t<div class=\"elementor-widget-wrap elementor-element-populated\">\n\t\t\t\t\t\t<div class=\"elementor-element elementor-element-c350b2f elementor-widget elementor-widget-text-editor\" data-id=\"c350b2f\" data-element_type=\"widget\" data-widget_type=\"text-editor.default\">\n\t\t\t\t<div class=\"elementor-widget-container\">\n\t\t\t\t\t\t\t\t\t<p>Nos adaptamos en todo momento a sus necesidades ofreciendo servicios individuales, en grupo o exclusividad total durante su estancia.<\/p><p>Hemos desarrollado uno de los mejores servicios con ch\u00f3fer para traslados privados, con conductores que aportan profesionalidad y un amplio conocimiento de la zona ofreciendo recomendaciones de todos los sectores para todas las edades.<\/p><p>Nuestros veh\u00edculos, todos de alta gama, est\u00e1n equipados con todos los lujos necesarios para hacer que su viaje sea lo m\u00e1s confortable posible.<\/p>\t\t\t\t\t\t\t\t<\/div>\n\t\t\t\t<\/div>\n\t\t\t\t\t<\/div>\n\t\t<\/div>\n\t\t\t\t<div class=\"elementor-column elementor-col-50 elementor-inner-column elementor-element elementor-element-faab9a2\" data-id=\"faab9a2\" data-element_type=\"column\">\n\t\t\t<div class=\"elementor-widget-wrap elementor-element-populated\">\n\t\t\t\t\t\t<div class=\"elementor-element elementor-element-4a62a88 elementor-widget elementor-widget-image\" data-id=\"4a62a88\" data-element_type=\"widget\" data-widget_type=\"image.default\">\n\t\t\t\t<div class=\"elementor-widget-container\">\n\t\t\t\t\t\t\t\t\t\t\t\t\t\t\t<img decoding=\"async\" width=\"2048\" height=\"1245\" src=\"https:\/\/luxewanderlust-marbella.com\/wp-content\/uploads\/2022\/06\/private-transfers2.jpeg\" class=\"attachment-full size-full wp-image-2964\" alt=\"Luxe Wanderlust Puerto Ban\u00fas\" srcset=\"https:\/\/luxewanderlust-marbella.com\/wp-content\/uploads\/2022\/06\/private-transfers2.jpeg 2048w, https:\/\/luxewanderlust-marbella.com\/wp-content\/uploads\/2022\/06\/private-transfers2-300x182.jpeg 300w, https:\/\/luxewanderlust-marbella.com\/wp-content\/uploads\/2022\/06\/private-transfers2-1024x623.jpeg 1024w, https:\/\/luxewanderlust-marbella.com\/wp-content\/uploads\/2022\/06\/private-transfers2-768x467.jpeg 768w, https:\/\/luxewanderlust-marbella.com\/wp-content\/uploads\/2022\/06\/private-transfers2-1536x934.jpeg 1536w\" sizes=\"(max-width: 2048px) 100vw, 2048px\" \/>\t\t\t\t\t\t\t\t\t\t\t\t\t\t\t<\/div>\n\t\t\t\t<\/div>\n\t\t\t\t\t<\/div>\n\t\t<\/div>\n\t\t\t\t\t<\/div>\n\t\t<\/section>\n\t\t\t\t\t<\/div>\n\t\t<\/div>\n\t\t\t\t\t<\/div>\n\t\t<\/section>\n\t\t\t\t<section class=\"elementor-section elementor-top-section elementor-element elementor-element-25dccdd8 elementor-section-stretched elementor-section-boxed elementor-section-height-default elementor-section-height-default\" data-id=\"25dccdd8\" data-element_type=\"section\" data-settings=\"{&quot;stretch_section&quot;:&quot;section-stretched&quot;}\">\n\t\t\t\t\t\t\t<div class=\"elementor-background-overlay\"><\/div>\n\t\t\t\t\t\t\t<div class=\"elementor-container elementor-column-gap-default\">\n\t\t\t\t\t<div class=\"elementor-column elementor-col-50 elementor-top-column elementor-element elementor-element-6c5660db\" data-id=\"6c5660db\" data-element_type=\"column\">\n\t\t\t<div class=\"elementor-widget-wrap elementor-element-populated\">\n\t\t\t\t\t\t<div class=\"elementor-element elementor-element-6ad3cac elementor-widget elementor-widget-heading\" data-id=\"6ad3cac\" data-element_type=\"widget\" data-widget_type=\"heading.default\">\n\t\t\t\t<div class=\"elementor-widget-container\">\n\t\t\t\t\t<h3 class=\"elementor-heading-title elementor-size-small\">Solicite informaci\u00f3n <br>\nsin compromiso<\/h3>\t\t\t\t<\/div>\n\t\t\t\t<\/div>\n\t\t\t\t\t<\/div>\n\t\t<\/div>\n\t\t\t\t<div class=\"elementor-column elementor-col-50 elementor-top-column elementor-element elementor-element-63926818\" data-id=\"63926818\" data-element_type=\"column\">\n\t\t\t<div class=\"elementor-widget-wrap elementor-element-populated\">\n\t\t\t\t\t\t<div class=\"elementor-element elementor-element-41b37c0 elementor-align-center btn-theme-rounded elementor-widget elementor-widget-button\" data-id=\"41b37c0\" data-element_type=\"widget\" data-widget_type=\"button.default\">\n\t\t\t\t<div class=\"elementor-widget-container\">\n\t\t\t\t\t\t\t\t\t<div class=\"elementor-button-wrapper\">\n\t\t\t\t\t<a class=\"elementor-button elementor-button-link elementor-size-md\" href=\"https:\/\/luxewanderlust-marbella.com\/contacta-vehiculos-marbella\/\">\n\t\t\t\t\t\t<span class=\"elementor-button-content-wrapper\">\n\t\t\t\t\t\t\t\t\t<span class=\"elementor-button-text\">CONTACTA<\/span>\n\t\t\t\t\t<\/span>\n\t\t\t\t\t<\/a>\n\t\t\t\t<\/div>\n\t\t\t\t\t\t\t\t<\/div>\n\t\t\t\t<\/div>\n\t\t\t\t\t<\/div>\n\t\t<\/div>\n\t\t\t\t\t<\/div>\n\t\t<\/section>\n\t\t\t\t<\/div>\n\t\t","protected":false},"excerpt":{"rendered":"<p>Traslado privado Para Luxe Wanderlust lo primero es la comodidad y satisfacci\u00f3n del cliente, para ello ofrecemos un servicio completo capaz de cubrir todas sus necesidades durante su estancia. Nos convertiremos en imprescindibles durante sus vacaciones ofreciendo un amplio abanico de opciones de restauraci\u00f3n, as\u00ed como eventos culturales y de ocio que m\u00e1s se ajusten [&hellip;]<\/p>\n","protected":false},"author":1,"featured_media":0,"parent":2185,"menu_order":0,"comment_status":"closed","ping_status":"closed","template":"","meta":{"_monsterinsights_skip_tracking":false,"_monsterinsights_sitenote_active":false,"_monsterinsights_sitenote_note":"","_monsterinsights_sitenote_category":0,"footnotes":"","_links_to":"","_links_to_target":""},"class_list":["post-2196","page","type-page","status-publish","hentry"],"yoast_head":"<!-- This site is optimized with the Yoast SEO plugin v27.4 - https:\/\/yoast.com\/product\/yoast-seo-wordpress\/ -->\n<title>Servicio de traslados privados<\/title>\n<meta name=\"description\" content=\"servicios con ch\u00f3fer para traslados privados, con conductores que aportan profesionalidad y un amplio conocimiento de la zona\" \/>\n<meta name=\"robots\" content=\"index, follow, max-snippet:-1, max-image-preview:large, max-video-preview:-1\" \/>\n<link rel=\"canonical\" href=\"https:\/\/luxewanderlust-marbella.com\/?page_id=2196\" \/>\n<meta property=\"og:locale\" content=\"es_ES\" \/>\n<meta property=\"og:type\" content=\"article\" \/>\n<meta property=\"og:title\" content=\"Servicio de traslados privados\" \/>\n<meta property=\"og:description\" content=\"servicios con ch\u00f3fer para traslados privados, con conductores que aportan profesionalidad y un amplio conocimiento de la zona\" \/>\n<meta property=\"og:url\" content=\"https:\/\/luxewanderlust-marbella.com\/?page_id=2196\" \/>\n<meta property=\"og:site_name\" content=\"Luxe Wanderlust\" \/>\n<meta property=\"article:modified_time\" content=\"2022-06-29T07:25:19+00:00\" \/>\n<meta property=\"og:image\" content=\"https:\/\/luxewanderlust-marbella.com\/wp-content\/uploads\/2022\/04\/WhatsApp-Image-2022-06-28-at-3.52.51-PM.jpeg\" \/>\n<meta name=\"twitter:card\" content=\"summary_large_image\" \/>\n<meta name=\"twitter:label1\" content=\"Tiempo de lectura\" \/>\n\t<meta name=\"twitter:data1\" content=\"2 minutos\" \/>\n<script type=\"application\/ld+json\" class=\"yoast-schema-graph\">{\"@context\":\"https:\\\/\\\/schema.org\",\"@graph\":[{\"@type\":\"WebPage\",\"@id\":\"https:\\\/\\\/luxewanderlust-marbella.com\\\/?page_id=2196\",\"url\":\"https:\\\/\\\/luxewanderlust-marbella.com\\\/?page_id=2196\",\"name\":\"Servicio de traslados privados\",\"isPartOf\":{\"@id\":\"https:\\\/\\\/luxewanderlust-marbella.com\\\/#website\"},\"primaryImageOfPage\":{\"@id\":\"https:\\\/\\\/luxewanderlust-marbella.com\\\/?page_id=2196#primaryimage\"},\"image\":{\"@id\":\"https:\\\/\\\/luxewanderlust-marbella.com\\\/?page_id=2196#primaryimage\"},\"thumbnailUrl\":\"https:\\\/\\\/luxewanderlust-marbella.com\\\/wp-content\\\/uploads\\\/2022\\\/04\\\/WhatsApp-Image-2022-06-28-at-3.52.51-PM.jpeg\",\"datePublished\":\"2022-03-20T17:36:53+00:00\",\"dateModified\":\"2022-06-29T07:25:19+00:00\",\"description\":\"servicios con ch\u00f3fer para traslados privados, con conductores que aportan profesionalidad y un amplio conocimiento de la zona\",\"breadcrumb\":{\"@id\":\"https:\\\/\\\/luxewanderlust-marbella.com\\\/?page_id=2196#breadcrumb\"},\"inLanguage\":\"es\",\"potentialAction\":[{\"@type\":\"ReadAction\",\"target\":[\"https:\\\/\\\/luxewanderlust-marbella.com\\\/?page_id=2196\"]}]},{\"@type\":\"ImageObject\",\"inLanguage\":\"es\",\"@id\":\"https:\\\/\\\/luxewanderlust-marbella.com\\\/?page_id=2196#primaryimage\",\"url\":\"https:\\\/\\\/luxewanderlust-marbella.com\\\/wp-content\\\/uploads\\\/2022\\\/04\\\/WhatsApp-Image-2022-06-28-at-3.52.51-PM.jpeg\",\"contentUrl\":\"https:\\\/\\\/luxewanderlust-marbella.com\\\/wp-content\\\/uploads\\\/2022\\\/04\\\/WhatsApp-Image-2022-06-28-at-3.52.51-PM.jpeg\",\"width\":957,\"height\":1024,\"caption\":\"Luxe Wanderlust Puerto Ban\u00fas\"},{\"@type\":\"BreadcrumbList\",\"@id\":\"https:\\\/\\\/luxewanderlust-marbella.com\\\/?page_id=2196#breadcrumb\",\"itemListElement\":[{\"@type\":\"ListItem\",\"position\":1,\"name\":\"Portada\",\"item\":\"https:\\\/\\\/luxewanderlust-marbella.com\\\/?page_id=14\"},{\"@type\":\"ListItem\",\"position\":2,\"name\":\"Servicios\",\"item\":\"https:\\\/\\\/luxewanderlust-marbella.com\\\/?page_id=2185\"},{\"@type\":\"ListItem\",\"position\":3,\"name\":\"Traslados privados\"}]},{\"@type\":\"WebSite\",\"@id\":\"https:\\\/\\\/luxewanderlust-marbella.com\\\/#website\",\"url\":\"https:\\\/\\\/luxewanderlust-marbella.com\\\/\",\"name\":\"Luxe Wanderlust\",\"description\":\"Marbella\",\"publisher\":{\"@id\":\"https:\\\/\\\/luxewanderlust-marbella.com\\\/#organization\"},\"potentialAction\":[{\"@type\":\"SearchAction\",\"target\":{\"@type\":\"EntryPoint\",\"urlTemplate\":\"https:\\\/\\\/luxewanderlust-marbella.com\\\/?s={search_term_string}\"},\"query-input\":{\"@type\":\"PropertyValueSpecification\",\"valueRequired\":true,\"valueName\":\"search_term_string\"}}],\"inLanguage\":\"es\"},{\"@type\":\"Organization\",\"@id\":\"https:\\\/\\\/luxewanderlust-marbella.com\\\/#organization\",\"name\":\"Luxe Wanderlust\",\"url\":\"https:\\\/\\\/luxewanderlust-marbella.com\\\/\",\"logo\":{\"@type\":\"ImageObject\",\"inLanguage\":\"es\",\"@id\":\"https:\\\/\\\/luxewanderlust-marbella.com\\\/#\\\/schema\\\/logo\\\/image\\\/\",\"url\":\"https:\\\/\\\/luxewanderlust-marbella.com\\\/wp-content\\\/uploads\\\/2022\\\/06\\\/luxe-wanderlust-con-blanco.jpg\",\"contentUrl\":\"https:\\\/\\\/luxewanderlust-marbella.com\\\/wp-content\\\/uploads\\\/2022\\\/06\\\/luxe-wanderlust-con-blanco.jpg\",\"width\":504,\"height\":504,\"caption\":\"Luxe Wanderlust\"},\"image\":{\"@id\":\"https:\\\/\\\/luxewanderlust-marbella.com\\\/#\\\/schema\\\/logo\\\/image\\\/\"}}]}<\/script>\n<!-- \/ Yoast SEO plugin. -->","yoast_head_json":{"title":"Servicio de traslados privados","description":"servicios con ch\u00f3fer para traslados privados, con conductores que aportan profesionalidad y un amplio conocimiento de la zona","robots":{"index":"index","follow":"follow","max-snippet":"max-snippet:-1","max-image-preview":"max-image-preview:large","max-video-preview":"max-video-preview:-1"},"canonical":"https:\/\/luxewanderlust-marbella.com\/?page_id=2196","og_locale":"es_ES","og_type":"article","og_title":"Servicio de traslados privados","og_description":"servicios con ch\u00f3fer para traslados privados, con conductores que aportan profesionalidad y un amplio conocimiento de la zona","og_url":"https:\/\/luxewanderlust-marbella.com\/?page_id=2196","og_site_name":"Luxe Wanderlust","article_modified_time":"2022-06-29T07:25:19+00:00","og_image":[{"url":"https:\/\/luxewanderlust-marbella.com\/wp-content\/uploads\/2022\/04\/WhatsApp-Image-2022-06-28-at-3.52.51-PM.jpeg","type":"","width":"","height":""}],"twitter_card":"summary_large_image","twitter_misc":{"Tiempo de lectura":"2 minutos"},"schema":{"@context":"https:\/\/schema.org","@graph":[{"@type":"WebPage","@id":"https:\/\/luxewanderlust-marbella.com\/?page_id=2196","url":"https:\/\/luxewanderlust-marbella.com\/?page_id=2196","name":"Servicio de traslados privados","isPartOf":{"@id":"https:\/\/luxewanderlust-marbella.com\/#website"},"primaryImageOfPage":{"@id":"https:\/\/luxewanderlust-marbella.com\/?page_id=2196#primaryimage"},"image":{"@id":"https:\/\/luxewanderlust-marbella.com\/?page_id=2196#primaryimage"},"thumbnailUrl":"https:\/\/luxewanderlust-marbella.com\/wp-content\/uploads\/2022\/04\/WhatsApp-Image-2022-06-28-at-3.52.51-PM.jpeg","datePublished":"2022-03-20T17:36:53+00:00","dateModified":"2022-06-29T07:25:19+00:00","description":"servicios con ch\u00f3fer para traslados privados, con conductores que aportan profesionalidad y un amplio conocimiento de la zona","breadcrumb":{"@id":"https:\/\/luxewanderlust-marbella.com\/?page_id=2196#breadcrumb"},"inLanguage":"es","potentialAction":[{"@type":"ReadAction","target":["https:\/\/luxewanderlust-marbella.com\/?page_id=2196"]}]},{"@type":"ImageObject","inLanguage":"es","@id":"https:\/\/luxewanderlust-marbella.com\/?page_id=2196#primaryimage","url":"https:\/\/luxewanderlust-marbella.com\/wp-content\/uploads\/2022\/04\/WhatsApp-Image-2022-06-28-at-3.52.51-PM.jpeg","contentUrl":"https:\/\/luxewanderlust-marbella.com\/wp-content\/uploads\/2022\/04\/WhatsApp-Image-2022-06-28-at-3.52.51-PM.jpeg","width":957,"height":1024,"caption":"Luxe Wanderlust Puerto Ban\u00fas"},{"@type":"BreadcrumbList","@id":"https:\/\/luxewanderlust-marbella.com\/?page_id=2196#breadcrumb","itemListElement":[{"@type":"ListItem","position":1,"name":"Portada","item":"https:\/\/luxewanderlust-marbella.com\/?page_id=14"},{"@type":"ListItem","position":2,"name":"Servicios","item":"https:\/\/luxewanderlust-marbella.com\/?page_id=2185"},{"@type":"ListItem","position":3,"name":"Traslados privados"}]},{"@type":"WebSite","@id":"https:\/\/luxewanderlust-marbella.com\/#website","url":"https:\/\/luxewanderlust-marbella.com\/","name":"Luxe Wanderlust","description":"Marbella","publisher":{"@id":"https:\/\/luxewanderlust-marbella.com\/#organization"},"potentialAction":[{"@type":"SearchAction","target":{"@type":"EntryPoint","urlTemplate":"https:\/\/luxewanderlust-marbella.com\/?s={search_term_string}"},"query-input":{"@type":"PropertyValueSpecification","valueRequired":true,"valueName":"search_term_string"}}],"inLanguage":"es"},{"@type":"Organization","@id":"https:\/\/luxewanderlust-marbella.com\/#organization","name":"Luxe Wanderlust","url":"https:\/\/luxewanderlust-marbella.com\/","logo":{"@type":"ImageObject","inLanguage":"es","@id":"https:\/\/luxewanderlust-marbella.com\/#\/schema\/logo\/image\/","url":"https:\/\/luxewanderlust-marbella.com\/wp-content\/uploads\/2022\/06\/luxe-wanderlust-con-blanco.jpg","contentUrl":"https:\/\/luxewanderlust-marbella.com\/wp-content\/uploads\/2022\/06\/luxe-wanderlust-con-blanco.jpg","width":504,"height":504,"caption":"Luxe Wanderlust"},"image":{"@id":"https:\/\/luxewanderlust-marbella.com\/#\/schema\/logo\/image\/"}}]}},"_links":{"self":[{"href":"https:\/\/luxewanderlust-marbella.com\/index.php?rest_route=\/wp\/v2\/pages\/2196","targetHints":{"allow":["GET"]}}],"collection":[{"href":"https:\/\/luxewanderlust-marbella.com\/index.php?rest_route=\/wp\/v2\/pages"}],"about":[{"href":"https:\/\/luxewanderlust-marbella.com\/index.php?rest_route=\/wp\/v2\/types\/page"}],"author":[{"embeddable":true,"href":"https:\/\/luxewanderlust-marbella.com\/index.php?rest_route=\/wp\/v2\/users\/1"}],"replies":[{"embeddable":true,"href":"https:\/\/luxewanderlust-marbella.com\/index.php?rest_route=%2Fwp%2Fv2%2Fcomments&post=2196"}],"version-history":[{"count":41,"href":"https:\/\/luxewanderlust-marbella.com\/index.php?rest_route=\/wp\/v2\/pages\/2196\/revisions"}],"predecessor-version":[{"id":3061,"href":"https:\/\/luxewanderlust-marbella.com\/index.php?rest_route=\/wp\/v2\/pages\/2196\/revisions\/3061"}],"up":[{"embeddable":true,"href":"https:\/\/luxewanderlust-marbella.com\/index.php?rest_route=\/wp\/v2\/pages\/2185"}],"wp:attachment":[{"href":"https:\/\/luxewanderlust-marbella.com\/index.php?rest_route=%2Fwp%2Fv2%2Fmedia&parent=2196"}],"curies":[{"name":"wp","href":"https:\/\/api.w.org\/{rel}","templated":true}]}}